{"id":1790,"date":"2023-09-12T15:57:20","date_gmt":"2023-09-12T13:57:20","guid":{"rendered":"https:\/\/www.hotel-fontarabie.com\/?page_id=1790"},"modified":"2025-05-15T11:07:29","modified_gmt":"2025-05-15T09:07:29","slug":"to-visit-in-vendee","status":"publish","type":"page","link":"https:\/\/www.hotel-fontarabie.com\/en\/sejour-vendee\/a-visiter-en-vendee\/","title":{"rendered":"Must-see sites"},"content":{"rendered":"<div data-elementor-type=\"wp-page\" data-elementor-id=\"1790\" class=\"elementor elementor-1790\" data-elementor-post-type=\"page\">\n\t\t\t\t<div class=\"elementor-element elementor-element-5152dd76 e-con-full e-flex e-con e-parent\" data-id=\"5152dd76\" data-element_type=\"container\" data-e-type=\"container\" id=\"top\" data-settings=\"{&quot;background_background&quot;:&quot;classic&quot;}\">\n\t\t\t\t<div class=\"elementor-element elementor-element-337d6633 elementor-widget elementor-widget-heading\" data-id=\"337d6633\" data-element_type=\"widget\" data-e-type=\"widget\" data-widget_type=\"heading.default\">\n\t\t\t\t<div class=\"elementor-widget-container\">\n\t\t\t\t\t<span class=\"elementor-heading-title elementor-size-default\">Must-see sites<\/span>\t\t\t\t<\/div>\n\t\t\t\t<\/div>\n\t\t\t\t<div class=\"elementor-element elementor-element-3fcae56 elementor-widget elementor-widget-heading\" data-id=\"3fcae56\" data-element_type=\"widget\" data-e-type=\"widget\" data-widget_type=\"heading.default\">\n\t\t\t\t<div class=\"elementor-widget-container\">\n\t\t\t\t\t<h1 class=\"elementor-heading-title elementor-size-default\">to visit in Vend\u00e9e<\/h1>\t\t\t\t<\/div>\n\t\t\t\t<\/div>\n\t\t\t\t<\/div>\n\t\t<div class=\"elementor-element elementor-element-1a17b6c0 e-con-full e-flex e-con e-parent\" data-id=\"1a17b6c0\" data-element_type=\"container\" data-e-type=\"container\" id=\"first-content\">\n\t\t<div class=\"elementor-element elementor-element-7aec88e9 e-con-full e-flex e-con e-child\" data-id=\"7aec88e9\" data-element_type=\"container\" data-e-type=\"container\">\n\t\t\t\t<div class=\"elementor-element elementor-element-17d7a66f elementor-widget elementor-widget-heading\" data-id=\"17d7a66f\" data-element_type=\"widget\" data-e-type=\"widget\" data-widget_type=\"heading.default\">\n\t\t\t\t<div class=\"elementor-widget-container\">\n\t\t\t\t\t<h2 class=\"elementor-heading-title elementor-size-default\">The abbeys of southern Vend\u00e9e: architectural gems\n\n<\/h2>\t\t\t\t<\/div>\n\t\t\t\t<\/div>\n\t\t\t\t<div class=\"elementor-element elementor-element-61071f9 elementor-widget elementor-widget-text-editor\" data-id=\"61071f9\" data-element_type=\"widget\" data-e-type=\"widget\" data-widget_type=\"text-editor.default\">\n\t\t\t\t<div class=\"elementor-widget-container\">\n\t\t\t\t\t\t\t\t\tThe illuminated stone abbeys of Ali\u00e9nor in Nieul sur l'Autise, du Marais in Maillezais and the Prieur\u00e9 de Grammont tell the story of 1,000 years of history in the southern Vend\u00e9e.\t\t\t\t\t\t\t\t<\/div>\n\t\t\t\t<\/div>\n\t\t\t\t<div class=\"elementor-element elementor-element-a6f9b48 elementor-widget-tablet__width-inherit elementor-widget elementor-widget-image\" data-id=\"a6f9b48\" data-element_type=\"widget\" data-e-type=\"widget\" data-widget_type=\"image.default\">\n\t\t\t\t<div class=\"elementor-widget-container\">\n\t\t\t\t\t\t\t\t\t\t\t\t\t\t\t<img fetchpriority=\"high\" decoding=\"async\" width=\"800\" height=\"551\" src=\"https:\/\/www.hotel-fontarabie.com\/wp-content\/uploads\/2025\/04\/iStock-1029152186-1024x705.jpg\" class=\"attachment-large size-large wp-image-4430\" alt=\"\" srcset=\"https:\/\/www.hotel-fontarabie.com\/wp-content\/uploads\/2025\/04\/iStock-1029152186-1024x705.jpg 1024w, https:\/\/www.hotel-fontarabie.com\/wp-content\/uploads\/2025\/04\/iStock-1029152186-300x207.jpg 300w, https:\/\/www.hotel-fontarabie.com\/wp-content\/uploads\/2025\/04\/iStock-1029152186-768x529.jpg 768w, https:\/\/www.hotel-fontarabie.com\/wp-content\/uploads\/2025\/04\/iStock-1029152186-1536x1058.jpg 1536w, https:\/\/www.hotel-fontarabie.com\/wp-content\/uploads\/2025\/04\/iStock-1029152186-2048x1410.jpg 2048w, https:\/\/www.hotel-fontarabie.com\/wp-content\/uploads\/2025\/04\/iStock-1029152186-18x12.jpg 18w\" sizes=\"(max-width: 800px) 100vw, 800px\" title=\"\">\t\t\t\t\t\t\t\t\t\t\t\t\t\t\t<\/div>\n\t\t\t\t<\/div>\n\t\t\t\t<\/div>\n\t\t<div class=\"elementor-element elementor-element-65eb2804 e-con-full e-flex e-con e-child\" data-id=\"65eb2804\" data-element_type=\"container\" data-e-type=\"container\">\n\t\t\t\t<div class=\"elementor-element elementor-element-1a75b8ef elementor-widget-tablet__width-inherit elementor-widget elementor-widget-image\" data-id=\"1a75b8ef\" data-element_type=\"widget\" data-e-type=\"widget\" data-widget_type=\"image.default\">\n\t\t\t\t<div class=\"elementor-widget-container\">\n\t\t\t\t\t\t\t\t\t\t\t\t\t\t\t<img decoding=\"async\" width=\"683\" height=\"1024\" src=\"https:\/\/www.hotel-fontarabie.com\/wp-content\/uploads\/2025\/04\/GettyImages-1627293303-683x1024.jpg\" class=\"attachment-large size-large wp-image-4433\" alt=\"\" srcset=\"https:\/\/www.hotel-fontarabie.com\/wp-content\/uploads\/2025\/04\/GettyImages-1627293303-683x1024.jpg 683w, https:\/\/www.hotel-fontarabie.com\/wp-content\/uploads\/2025\/04\/GettyImages-1627293303-200x300.jpg 200w, https:\/\/www.hotel-fontarabie.com\/wp-content\/uploads\/2025\/04\/GettyImages-1627293303-768x1152.jpg 768w, https:\/\/www.hotel-fontarabie.com\/wp-content\/uploads\/2025\/04\/GettyImages-1627293303-1024x1536.jpg 1024w, https:\/\/www.hotel-fontarabie.com\/wp-content\/uploads\/2025\/04\/GettyImages-1627293303-1365x2048.jpg 1365w, https:\/\/www.hotel-fontarabie.com\/wp-content\/uploads\/2025\/04\/GettyImages-1627293303-8x12.jpg 8w, https:\/\/www.hotel-fontarabie.com\/wp-content\/uploads\/2025\/04\/GettyImages-1627293303.jpg 1414w\" sizes=\"(max-width: 683px) 100vw, 683px\" title=\"\">\t\t\t\t\t\t\t\t\t\t\t\t\t\t\t<\/div>\n\t\t\t\t<\/div>\n\t\t\t\t<div class=\"elementor-element elementor-element-688375c elementor-widget elementor-widget-heading\" data-id=\"688375c\" data-element_type=\"widget\" data-e-type=\"widget\" data-widget_type=\"heading.default\">\n\t\t\t\t<div class=\"elementor-widget-container\">\n\t\t\t\t\t<h2 class=\"elementor-heading-title elementor-size-default\">Guided tour of Fontenay-le-Comte\nCity of Art and History\n<\/h2>\t\t\t\t<\/div>\n\t\t\t\t<\/div>\n\t\t\t\t<div class=\"elementor-element elementor-element-f65d0eb elementor-widget elementor-widget-text-editor\" data-id=\"f65d0eb\" data-element_type=\"widget\" data-e-type=\"widget\" data-widget_type=\"text-editor.default\">\n\t\t\t\t<div class=\"elementor-widget-container\">\n\t\t\t\t\t\t\t\t\t<p>Each period in its history has endowed it with a diverse and original heritage. Discover the arcades of the Place Belliard, the timber-framed houses, the H\u00f4tel Gobin-Fourestier opposite the Fontaine des Quatre Tias (the town's emblem), the remains of the Parc Baron castle, the Ch\u00e2teau de Terre-Neuve where Georges Simenon lived.<\/p>\t\t\t\t\t\t\t\t<\/div>\n\t\t\t\t<\/div>\n\t\t\t\t<\/div>\n\t\t\t\t<\/div>\n\t\t<div class=\"elementor-element elementor-element-23acad6 e-con-full e-flex e-con e-parent\" data-id=\"23acad6\" data-element_type=\"container\" data-e-type=\"container\">\n\t\t<div class=\"elementor-element elementor-element-c2671e3 e-con-full e-flex e-con e-child\" data-id=\"c2671e3\" data-element_type=\"container\" data-e-type=\"container\">\n\t\t\t\t<div class=\"elementor-element elementor-element-fb5d0e3 elementor-widget elementor-widget-heading\" data-id=\"fb5d0e3\" data-element_type=\"widget\" data-e-type=\"widget\" data-widget_type=\"heading.default\">\n\t\t\t\t<div class=\"elementor-widget-container\">\n\t\t\t\t\t<h2 class=\"elementor-heading-title elementor-size-default\">Ch\u00e2teau de Terre-Neuve: an alchemical fireplace\n<\/h2>\t\t\t\t<\/div>\n\t\t\t\t<\/div>\n\t\t\t\t<div class=\"elementor-element elementor-element-c1086df elementor-widget elementor-widget-text-editor\" data-id=\"c1086df\" data-element_type=\"widget\" data-e-type=\"widget\" data-widget_type=\"text-editor.default\">\n\t\t\t\t<div class=\"elementor-widget-container\">\n\t\t\t\t\t\t\t\t\tCh\u00e2teau de Terre-Neuve was built during the Renaissance. It is located in Fontenay-le-Comte. This splendid 16th-century ch\u00e2teau with its extensive grounds bears witness to the economic and intellectual influence of the Bas-Poitou region.\t\t\t\t\t\t\t\t<\/div>\n\t\t\t\t<\/div>\n\t\t\t\t<div class=\"elementor-element elementor-element-7f151f5 elementor-widget-tablet__width-inherit elementor-widget elementor-widget-image\" data-id=\"7f151f5\" data-element_type=\"widget\" data-e-type=\"widget\" data-widget_type=\"image.default\">\n\t\t\t\t<div class=\"elementor-widget-container\">\n\t\t\t\t\t\t\t\t\t\t\t\t\t\t\t<img decoding=\"async\" width=\"800\" height=\"512\" src=\"https:\/\/www.hotel-fontarabie.com\/wp-content\/uploads\/2025\/04\/chateau-terre-neuve-fontenay-vendee.jpg\" class=\"attachment-large size-large wp-image-4431\" alt=\"\" srcset=\"https:\/\/www.hotel-fontarabie.com\/wp-content\/uploads\/2025\/04\/chateau-terre-neuve-fontenay-vendee.jpg 800w, https:\/\/www.hotel-fontarabie.com\/wp-content\/uploads\/2025\/04\/chateau-terre-neuve-fontenay-vendee-300x192.jpg 300w, https:\/\/www.hotel-fontarabie.com\/wp-content\/uploads\/2025\/04\/chateau-terre-neuve-fontenay-vendee-768x492.jpg 768w, https:\/\/www.hotel-fontarabie.com\/wp-content\/uploads\/2025\/04\/chateau-terre-neuve-fontenay-vendee-18x12.jpg 18w\" sizes=\"(max-width: 800px) 100vw, 800px\" title=\"\">\t\t\t\t\t\t\t\t\t\t\t\t\t\t\t<\/div>\n\t\t\t\t<\/div>\n\t\t\t\t<\/div>\n\t\t<div class=\"elementor-element elementor-element-6dfdbf9 e-con-full e-flex e-con e-child\" data-id=\"6dfdbf9\" data-element_type=\"container\" data-e-type=\"container\">\n\t\t\t\t<div class=\"elementor-element elementor-element-89bb9b3 elementor-widget-tablet__width-inherit elementor-widget elementor-widget-image\" data-id=\"89bb9b3\" data-element_type=\"widget\" data-e-type=\"widget\" data-widget_type=\"image.default\">\n\t\t\t\t<div class=\"elementor-widget-container\">\n\t\t\t\t\t\t\t\t\t\t\t\t\t\t\t<img loading=\"lazy\" decoding=\"async\" width=\"800\" height=\"600\" src=\"https:\/\/www.hotel-fontarabie.com\/wp-content\/uploads\/2025\/04\/GettyImages-2156221863-1024x768.jpg\" class=\"attachment-large size-large wp-image-4435\" alt=\"\" srcset=\"https:\/\/www.hotel-fontarabie.com\/wp-content\/uploads\/2025\/04\/GettyImages-2156221863-1024x768.jpg 1024w, https:\/\/www.hotel-fontarabie.com\/wp-content\/uploads\/2025\/04\/GettyImages-2156221863-300x225.jpg 300w, https:\/\/www.hotel-fontarabie.com\/wp-content\/uploads\/2025\/04\/GettyImages-2156221863-768x576.jpg 768w, https:\/\/www.hotel-fontarabie.com\/wp-content\/uploads\/2025\/04\/GettyImages-2156221863-1536x1152.jpg 1536w, https:\/\/www.hotel-fontarabie.com\/wp-content\/uploads\/2025\/04\/GettyImages-2156221863-2048x1536.jpg 2048w, https:\/\/www.hotel-fontarabie.com\/wp-content\/uploads\/2025\/04\/GettyImages-2156221863-16x12.jpg 16w\" sizes=\"(max-width: 800px) 100vw, 800px\" title=\"\">\t\t\t\t\t\t\t\t\t\t\t\t\t\t\t<\/div>\n\t\t\t\t<\/div>\n\t\t\t\t<div class=\"elementor-element elementor-element-083b686 elementor-widget elementor-widget-heading\" data-id=\"083b686\" data-element_type=\"widget\" data-e-type=\"widget\" data-widget_type=\"heading.default\">\n\t\t\t\t<div class=\"elementor-widget-container\">\n\t\t\t\t\t<h2 class=\"elementor-heading-title elementor-size-default\">Foussais-Payr\u00e9 and Vouvant: explore the towns of Vend\u00e9e<\/h2>\t\t\t\t<\/div>\n\t\t\t\t<\/div>\n\t\t\t\t<div class=\"elementor-element elementor-element-db66f82 elementor-widget elementor-widget-text-editor\" data-id=\"db66f82\" data-element_type=\"widget\" data-e-type=\"widget\" data-widget_type=\"text-editor.default\">\n\t\t\t\t<div class=\"elementor-widget-container\">\n\t\t\t\t\t\t\t\t\t<p>On the edge of the forest, in the heart of a picturesque bocage, lies the charming village of Foussais-Payr\u00e9. Vouvant is the only remaining fortified town in the Vend\u00e9e. They're just waiting for you!<\/p>\t\t\t\t\t\t\t\t<\/div>\n\t\t\t\t<\/div>\n\t\t\t\t<\/div>\n\t\t\t\t<\/div>\n\t\t<div class=\"elementor-element elementor-element-5be878d4 e-flex e-con-boxed e-con e-parent\" data-id=\"5be878d4\" data-element_type=\"container\" data-e-type=\"container\">\n\t\t\t\t\t<div class=\"e-con-inner\">\n\t\t\t\t<div class=\"elementor-element elementor-element-222503aa elementor-widget elementor-widget-heading\" data-id=\"222503aa\" data-element_type=\"widget\" data-e-type=\"widget\" data-widget_type=\"heading.default\">\n\t\t\t\t<div class=\"elementor-widget-container\">\n\t\t\t\t\t<h2 class=\"elementor-heading-title elementor-size-default\">Discover our other destinations<\/h2>\t\t\t\t<\/div>\n\t\t\t\t<\/div>\n\t\t\t\t<div class=\"elementor-element elementor-element-64e172be elementor-widget-divider--view-line_icon elementor-view-default elementor-widget-divider--element-align-center elementor-widget elementor-widget-global elementor-global-364 elementor-widget-divider\" data-id=\"64e172be\" data-element_type=\"widget\" data-e-type=\"widget\" data-widget_type=\"divider.default\">\n\t\t\t\t<div class=\"elementor-widget-container\">\n\t\t\t\t\t\t\t<div class=\"elementor-divider\">\n\t\t\t<span class=\"elementor-divider-separator\">\n\t\t\t\t\t\t\t<div class=\"elementor-icon elementor-divider__element\">\n\t\t\t\t\t<i aria-hidden=\"true\" class=\"fas fa-dot-circle\"><\/i><\/div>\n\t\t\t\t\t\t<\/span>\n\t\t<\/div>\n\t\t\t\t\t\t<\/div>\n\t\t\t\t<\/div>\n\t\t<div class=\"elementor-element elementor-element-736d1686 e-flex e-con-boxed e-con e-child\" data-id=\"736d1686\" data-element_type=\"container\" data-e-type=\"container\">\n\t\t\t\t\t<div class=\"e-con-inner\">\n\t\t<div class=\"elementor-element elementor-element-494258a8 e-flex e-con-boxed e-con e-child\" data-id=\"494258a8\" data-element_type=\"container\" data-e-type=\"container\">\n\t\t\t\t\t<div class=\"e-con-inner\">\n\t\t\t\t<div class=\"elementor-element elementor-element-157bb6b2 animated-slow elementor-invisible elementor-widget elementor-widget-image\" data-id=\"157bb6b2\" data-element_type=\"widget\" data-e-type=\"widget\" data-settings=\"{&quot;_animation&quot;:&quot;fadeIn&quot;,&quot;_animation_delay&quot;:500}\" data-widget_type=\"image.default\">\n\t\t\t\t<div class=\"elementor-widget-container\">\n\t\t\t\t\t\t\t\t\t\t\t\t\t\t\t\t<a href=\"https:\/\/www.hotel-fontarabie.com\/en\/sejour-vendee\/vacances-marais-poitevin\/\">\n\t\t\t\t\t\t\t<img loading=\"lazy\" decoding=\"async\" width=\"2121\" height=\"1414\" src=\"https:\/\/www.hotel-fontarabie.com\/wp-content\/uploads\/2025\/04\/GettyImages-1333444778.jpg\" class=\"elementor-animation-sink attachment-full size-full wp-image-4378\" alt=\"\" srcset=\"https:\/\/www.hotel-fontarabie.com\/wp-content\/uploads\/2025\/04\/GettyImages-1333444778.jpg 2121w, https:\/\/www.hotel-fontarabie.com\/wp-content\/uploads\/2025\/04\/GettyImages-1333444778-300x200.jpg 300w, https:\/\/www.hotel-fontarabie.com\/wp-content\/uploads\/2025\/04\/GettyImages-1333444778-1024x683.jpg 1024w, https:\/\/www.hotel-fontarabie.com\/wp-content\/uploads\/2025\/04\/GettyImages-1333444778-768x512.jpg 768w, https:\/\/www.hotel-fontarabie.com\/wp-content\/uploads\/2025\/04\/GettyImages-1333444778-1536x1024.jpg 1536w, https:\/\/www.hotel-fontarabie.com\/wp-content\/uploads\/2025\/04\/GettyImages-1333444778-2048x1365.jpg 2048w, https:\/\/www.hotel-fontarabie.com\/wp-content\/uploads\/2025\/04\/GettyImages-1333444778-18x12.jpg 18w\" sizes=\"(max-width: 2121px) 100vw, 2121px\" title=\"\">\t\t\t\t\t\t\t\t<\/a>\n\t\t\t\t\t\t\t\t\t\t\t\t\t\t\t<\/div>\n\t\t\t\t<\/div>\n\t\t<div class=\"elementor-element elementor-element-782157c1 e-flex e-con-boxed e-con e-child\" data-id=\"782157c1\" data-element_type=\"container\" data-e-type=\"container\" data-settings=\"{&quot;background_background&quot;:&quot;classic&quot;}\">\n\t\t\t\t\t<div class=\"e-con-inner\">\n\t\t<div class=\"elementor-element elementor-element-708b773e e-flex e-con-boxed e-con e-child\" data-id=\"708b773e\" data-element_type=\"container\" data-e-type=\"container\" data-settings=\"{&quot;background_background&quot;:&quot;classic&quot;}\">\n\t\t\t\t\t<div class=\"e-con-inner\">\n\t\t\t\t<div class=\"elementor-element elementor-element-1d4f5f92 elementor-widget elementor-widget-heading\" data-id=\"1d4f5f92\" data-element_type=\"widget\" data-e-type=\"widget\" data-widget_type=\"heading.default\">\n\t\t\t\t<div class=\"elementor-widget-container\">\n\t\t\t\t\t<h3 class=\"elementor-heading-title elementor-size-default\">Suggestions in the Marais<\/h3>\t\t\t\t<\/div>\n\t\t\t\t<\/div>\n\t\t\t\t<div class=\"elementor-element elementor-element-44f1ac97 elementor-align-center elementor-widget elementor-widget-button\" data-id=\"44f1ac97\" data-element_type=\"widget\" data-e-type=\"widget\" data-widget_type=\"button.default\">\n\t\t\t\t<div class=\"elementor-widget-container\">\n\t\t\t\t\t\t\t\t\t<div class=\"elementor-button-wrapper\">\n\t\t\t\t\t<a class=\"elementor-button elementor-button-link elementor-size-sm\" href=\"https:\/\/www.hotel-fontarabie.com\/en\/sejour-vendee\/vacances-marais-poitevin\/\">\n\t\t\t\t\t\t<span class=\"elementor-button-content-wrapper\">\n\t\t\t\t\t\t\t\t\t<span class=\"elementor-button-text\">See more<\/span>\n\t\t\t\t\t<\/span>\n\t\t\t\t\t<\/a>\n\t\t\t\t<\/div>\n\t\t\t\t\t\t\t\t<\/div>\n\t\t\t\t<\/div>\n\t\t\t\t\t<\/div>\n\t\t\t\t<\/div>\n\t\t\t\t\t<\/div>\n\t\t\t\t<\/div>\n\t\t\t\t\t<\/div>\n\t\t\t\t<\/div>\n\t\t<div class=\"elementor-element elementor-element-1eb24f56 e-flex e-con-boxed e-con e-child\" data-id=\"1eb24f56\" data-element_type=\"container\" data-e-type=\"container\">\n\t\t\t\t\t<div class=\"e-con-inner\">\n\t\t\t\t<div class=\"elementor-element elementor-element-675abd2d animated-slow elementor-invisible elementor-widget elementor-widget-image\" data-id=\"675abd2d\" data-element_type=\"widget\" data-e-type=\"widget\" data-settings=\"{&quot;_animation&quot;:&quot;fadeIn&quot;,&quot;_animation_delay&quot;:500}\" data-widget_type=\"image.default\">\n\t\t\t\t<div class=\"elementor-widget-container\">\n\t\t\t\t\t\t\t\t\t\t\t\t\t\t\t\t<a href=\"https:\/\/www.hotel-fontarabie.com\/en\/sejour-vendee\/foret-de-mervent-activite\/\">\n\t\t\t\t\t\t\t<img loading=\"lazy\" decoding=\"async\" width=\"950\" height=\"530\" src=\"https:\/\/www.hotel-fontarabie.com\/wp-content\/uploads\/2025\/03\/Photo-de-FONTENAY-020.jpg\" class=\"elementor-animation-sink attachment-full size-full wp-image-3793\" alt=\"\" srcset=\"https:\/\/www.hotel-fontarabie.com\/wp-content\/uploads\/2025\/03\/Photo-de-FONTENAY-020.jpg 950w, https:\/\/www.hotel-fontarabie.com\/wp-content\/uploads\/2025\/03\/Photo-de-FONTENAY-020-300x167.jpg 300w, https:\/\/www.hotel-fontarabie.com\/wp-content\/uploads\/2025\/03\/Photo-de-FONTENAY-020-768x428.jpg 768w, https:\/\/www.hotel-fontarabie.com\/wp-content\/uploads\/2025\/03\/Photo-de-FONTENAY-020-18x10.jpg 18w\" sizes=\"(max-width: 950px) 100vw, 950px\" title=\"\">\t\t\t\t\t\t\t\t<\/a>\n\t\t\t\t\t\t\t\t\t\t\t\t\t\t\t<\/div>\n\t\t\t\t<\/div>\n\t\t<div class=\"elementor-element elementor-element-54f72940 e-flex e-con-boxed e-con e-child\" data-id=\"54f72940\" data-element_type=\"container\" data-e-type=\"container\" data-settings=\"{&quot;background_background&quot;:&quot;classic&quot;}\">\n\t\t\t\t\t<div class=\"e-con-inner\">\n\t\t<div class=\"elementor-element elementor-element-333354d e-flex e-con-boxed e-con e-child\" data-id=\"333354d\" data-element_type=\"container\" data-e-type=\"container\" data-settings=\"{&quot;background_background&quot;:&quot;classic&quot;}\">\n\t\t\t\t\t<div class=\"e-con-inner\">\n\t\t\t\t<div class=\"elementor-element elementor-element-398e40d elementor-widget elementor-widget-heading\" data-id=\"398e40d\" data-element_type=\"widget\" data-e-type=\"widget\" data-widget_type=\"heading.default\">\n\t\t\t\t<div class=\"elementor-widget-container\">\n\t\t\t\t\t<h3 class=\"elementor-heading-title elementor-size-default\">Mervent forest<\/h3>\t\t\t\t<\/div>\n\t\t\t\t<\/div>\n\t\t\t\t<div class=\"elementor-element elementor-element-1cedb533 elementor-align-center elementor-widget elementor-widget-button\" data-id=\"1cedb533\" data-element_type=\"widget\" data-e-type=\"widget\" data-widget_type=\"button.default\">\n\t\t\t\t<div class=\"elementor-widget-container\">\n\t\t\t\t\t\t\t\t\t<div class=\"elementor-button-wrapper\">\n\t\t\t\t\t<a class=\"elementor-button elementor-button-link elementor-size-sm\" href=\"https:\/\/www.hotel-fontarabie.com\/en\/sejour-vendee\/foret-de-mervent-activite\/\">\n\t\t\t\t\t\t<span class=\"elementor-button-content-wrapper\">\n\t\t\t\t\t\t\t\t\t<span class=\"elementor-button-text\">See more<\/span>\n\t\t\t\t\t<\/span>\n\t\t\t\t\t<\/a>\n\t\t\t\t<\/div>\n\t\t\t\t\t\t\t\t<\/div>\n\t\t\t\t<\/div>\n\t\t\t\t\t<\/div>\n\t\t\t\t<\/div>\n\t\t\t\t\t<\/div>\n\t\t\t\t<\/div>\n\t\t\t\t\t<\/div>\n\t\t\t\t<\/div>\n\t\t<div class=\"elementor-element elementor-element-6e89e86 e-flex e-con-boxed e-con e-child\" data-id=\"6e89e86\" data-element_type=\"container\" data-e-type=\"container\">\n\t\t\t\t\t<div class=\"e-con-inner\">\n\t\t\t\t<div class=\"elementor-element elementor-element-3594b02e animated-slow elementor-invisible elementor-widget elementor-widget-image\" data-id=\"3594b02e\" data-element_type=\"widget\" data-e-type=\"widget\" data-settings=\"{&quot;_animation&quot;:&quot;fadeIn&quot;,&quot;_animation_delay&quot;:500}\" data-widget_type=\"image.default\">\n\t\t\t\t<div class=\"elementor-widget-container\">\n\t\t\t\t\t\t\t\t\t\t\t\t\t\t\t\t<a href=\"https:\/\/www.hotel-fontarabie.com\/en\/sejour-vendee\/quoi-visiter-a-la-rochelle\/\">\n\t\t\t\t\t\t\t<img loading=\"lazy\" decoding=\"async\" width=\"1448\" height=\"724\" src=\"https:\/\/www.hotel-fontarabie.com\/wp-content\/uploads\/2025\/03\/iStock-1156461621-2-min.jpg\" class=\"elementor-animation-sink attachment-full size-full wp-image-3776\" alt=\"\" srcset=\"https:\/\/www.hotel-fontarabie.com\/wp-content\/uploads\/2025\/03\/iStock-1156461621-2-min.jpg 1448w, https:\/\/www.hotel-fontarabie.com\/wp-content\/uploads\/2025\/03\/iStock-1156461621-2-min-300x150.jpg 300w, https:\/\/www.hotel-fontarabie.com\/wp-content\/uploads\/2025\/03\/iStock-1156461621-2-min-1024x512.jpg 1024w, https:\/\/www.hotel-fontarabie.com\/wp-content\/uploads\/2025\/03\/iStock-1156461621-2-min-768x384.jpg 768w, https:\/\/www.hotel-fontarabie.com\/wp-content\/uploads\/2025\/03\/iStock-1156461621-2-min-18x9.jpg 18w\" sizes=\"(max-width: 1448px) 100vw, 1448px\" title=\"\">\t\t\t\t\t\t\t\t<\/a>\n\t\t\t\t\t\t\t\t\t\t\t\t\t\t\t<\/div>\n\t\t\t\t<\/div>\n\t\t<div class=\"elementor-element elementor-element-6a1db972 e-flex e-con-boxed e-con e-child\" data-id=\"6a1db972\" data-element_type=\"container\" data-e-type=\"container\" data-settings=\"{&quot;background_background&quot;:&quot;classic&quot;}\">\n\t\t\t\t\t<div class=\"e-con-inner\">\n\t\t<div class=\"elementor-element elementor-element-d3c625a e-flex e-con-boxed e-con e-child\" data-id=\"d3c625a\" data-element_type=\"container\" data-e-type=\"container\" data-settings=\"{&quot;background_background&quot;:&quot;classic&quot;}\">\n\t\t\t\t\t<div class=\"e-con-inner\">\n\t\t\t\t<div class=\"elementor-element elementor-element-6e36d4e9 elementor-widget elementor-widget-heading\" data-id=\"6e36d4e9\" data-element_type=\"widget\" data-e-type=\"widget\" data-widget_type=\"heading.default\">\n\t\t\t\t<div class=\"elementor-widget-container\">\n\t\t\t\t\t<h3 class=\"elementor-heading-title elementor-size-default\">Niort and La Rochelle<\/h3>\t\t\t\t<\/div>\n\t\t\t\t<\/div>\n\t\t\t\t<div class=\"elementor-element elementor-element-13ca8a62 elementor-align-center elementor-widget elementor-widget-button\" data-id=\"13ca8a62\" data-element_type=\"widget\" data-e-type=\"widget\" data-widget_type=\"button.default\">\n\t\t\t\t<div class=\"elementor-widget-container\">\n\t\t\t\t\t\t\t\t\t<div class=\"elementor-button-wrapper\">\n\t\t\t\t\t<a class=\"elementor-button elementor-button-link elementor-size-sm\" href=\"https:\/\/www.hotel-fontarabie.com\/en\/sejour-vendee\/quoi-visiter-a-la-rochelle\/\">\n\t\t\t\t\t\t<span class=\"elementor-button-content-wrapper\">\n\t\t\t\t\t\t\t\t\t<span class=\"elementor-button-text\">See more<\/span>\n\t\t\t\t\t<\/span>\n\t\t\t\t\t<\/a>\n\t\t\t\t<\/div>\n\t\t\t\t\t\t\t\t<\/div>\n\t\t\t\t<\/div>\n\t\t\t\t\t<\/div>\n\t\t\t\t<\/div>\n\t\t\t\t\t<\/div>\n\t\t\t\t<\/div>\n\t\t\t\t\t<\/div>\n\t\t\t\t<\/div>\n\t\t\t\t\t<\/div>\n\t\t\t\t<\/div>\n\t\t\t\t\t<\/div>\n\t\t\t\t<\/div>\n\t\t\t\t<\/div>","protected":false},"excerpt":{"rendered":"<p>\u00e0 visiter en Vend\u00e9e Les abbayes du sud Vend\u00e9e : des bijoux architecturaux Les Abbayes en pierre lumineuse d&rsquo;Ali\u00e9nor \u00e0 Nieul sur l&rsquo;Autise, du Marais \u00e0 Maillezais et le Prieur\u00e9 de Grammont vous relatent 1 000 ans d&rsquo;Histoire en Sud Vend\u00e9e. La visite guid\u00e9e de Fontenay-le-Comte : ville d&rsquo;Art et d&rsquo;Histoire Chaque \u00e9poque de l\u2019histoire [&hellip;]<\/p>\n","protected":false},"author":13,"featured_media":0,"parent":65,"menu_order":0,"comment_status":"closed","ping_status":"closed","template":"","meta":{"_acf_changed":false,"inline_featured_image":false,"footnotes":""},"class_list":["post-1790","page","type-page","status-publish","hentry"],"acf":[],"_links":{"self":[{"href":"https:\/\/www.hotel-fontarabie.com\/en\/wp-json\/wp\/v2\/pages\/1790","targetHints":{"allow":["GET"]}}],"collection":[{"href":"https:\/\/www.hotel-fontarabie.com\/en\/wp-json\/wp\/v2\/pages"}],"about":[{"href":"https:\/\/www.hotel-fontarabie.com\/en\/wp-json\/wp\/v2\/types\/page"}],"author":[{"embeddable":true,"href":"https:\/\/www.hotel-fontarabie.com\/en\/wp-json\/wp\/v2\/users\/13"}],"replies":[{"embeddable":true,"href":"https:\/\/www.hotel-fontarabie.com\/en\/wp-json\/wp\/v2\/comments?post=1790"}],"version-history":[{"count":63,"href":"https:\/\/www.hotel-fontarabie.com\/en\/wp-json\/wp\/v2\/pages\/1790\/revisions"}],"predecessor-version":[{"id":4697,"href":"https:\/\/www.hotel-fontarabie.com\/en\/wp-json\/wp\/v2\/pages\/1790\/revisions\/4697"}],"up":[{"embeddable":true,"href":"https:\/\/www.hotel-fontarabie.com\/en\/wp-json\/wp\/v2\/pages\/65"}],"wp:attachment":[{"href":"https:\/\/www.hotel-fontarabie.com\/en\/wp-json\/wp\/v2\/media?parent=1790"}],"curies":[{"name":"wp","href":"https:\/\/api.w.org\/{rel}","templated":true}]}}