{"id":4114,"date":"2025-03-21T11:47:10","date_gmt":"2025-03-21T10:47:10","guid":{"rendered":"https:\/\/www.hotel-fontarabie.com\/?page_id=4114"},"modified":"2025-05-15T10:11:26","modified_gmt":"2025-05-15T08:11:26","slug":"tourism-fontenay-le-comte","status":"publish","type":"page","link":"https:\/\/www.hotel-fontarabie.com\/en\/sejour-vendee\/tourisme-fontenay-le-comte\/","title":{"rendered":"Fontenay le Comte"},"content":{"rendered":"<div data-elementor-type=\"wp-page\" data-elementor-id=\"4114\" class=\"elementor elementor-4114\" data-elementor-post-type=\"page\">\n\t\t\t\t<div class=\"elementor-element elementor-element-5152dd76 e-con-full e-flex e-con e-parent\" data-id=\"5152dd76\" data-element_type=\"container\" data-e-type=\"container\" id=\"top\" data-settings=\"{&quot;background_background&quot;:&quot;classic&quot;}\">\n\t\t\t\t<div class=\"elementor-element elementor-element-337d6633 elementor-widget elementor-widget-heading\" data-id=\"337d6633\" data-element_type=\"widget\" data-e-type=\"widget\" data-widget_type=\"heading.default\">\n\t\t\t\t<div class=\"elementor-widget-container\">\n\t\t\t\t\t<span class=\"elementor-heading-title elementor-size-default\">Fontenay-le-Comte<\/span>\t\t\t\t<\/div>\n\t\t\t\t<\/div>\n\t\t\t\t<div class=\"elementor-element elementor-element-3fcae56 elementor-widget elementor-widget-heading\" data-id=\"3fcae56\" data-element_type=\"widget\" data-e-type=\"widget\" data-widget_type=\"heading.default\">\n\t\t\t\t<div class=\"elementor-widget-container\">\n\t\t\t\t\t<h1 class=\"elementor-heading-title elementor-size-default\">Tourism in Fontenay-le-Comte<\/h1>\t\t\t\t<\/div>\n\t\t\t\t<\/div>\n\t\t\t\t<\/div>\n\t\t<div class=\"elementor-element elementor-element-1a17b6c0 e-con-full e-flex e-con e-parent\" data-id=\"1a17b6c0\" data-element_type=\"container\" data-e-type=\"container\" id=\"first-content\">\n\t\t<div class=\"elementor-element elementor-element-7aec88e9 e-con-full e-flex e-con e-child\" data-id=\"7aec88e9\" data-element_type=\"container\" data-e-type=\"container\">\n\t\t\t\t<div class=\"elementor-element elementor-element-17d7a66f elementor-widget elementor-widget-heading\" data-id=\"17d7a66f\" data-element_type=\"widget\" data-e-type=\"widget\" data-widget_type=\"heading.default\">\n\t\t\t\t<div class=\"elementor-widget-container\">\n\t\t\t\t\t<h2 class=\"elementor-heading-title elementor-size-default\">The Renaissance belle<\/h2>\t\t\t\t<\/div>\n\t\t\t\t<\/div>\n\t\t\t\t<div class=\"elementor-element elementor-element-f65d0eb elementor-widget__width-initial elementor-widget elementor-widget-text-editor\" data-id=\"f65d0eb\" data-element_type=\"widget\" data-e-type=\"widget\" data-widget_type=\"text-editor.default\">\n\t\t\t\t<div class=\"elementor-widget-container\">\n\t\t\t\t\t\t\t\t\tIts remarkable Renaissance facades have earned it the prestigious \"Ville d'Art et d'Histoire\" and \"Plus Beaux D\u00e9tours de France\" labels. Fontenay le Comte is nicknamed the architectural Pearl of the Vend\u00e9e. Take a stroll through its medieval streets and immerse yourself in its wealth of history and art!\n\n\n\t\t\t\t\t\t\t\t<\/div>\n\t\t\t\t<\/div>\n\t\t\t\t<div class=\"elementor-element elementor-element-a6f9b48 elementor-widget-tablet__width-inherit elementor-widget elementor-widget-image\" data-id=\"a6f9b48\" data-element_type=\"widget\" data-e-type=\"widget\" data-widget_type=\"image.default\">\n\t\t\t\t<div class=\"elementor-widget-container\">\n\t\t\t\t\t\t\t\t\t\t\t\t\t\t\t<img fetchpriority=\"high\" decoding=\"async\" width=\"800\" height=\"534\" src=\"https:\/\/www.hotel-fontarabie.com\/wp-content\/uploads\/2025\/04\/Copyright_A.Lamoureux_Vendee_Expansion_Fontenay_le_Comte_5-resize-1024x683.jpg\" class=\"attachment-large size-large wp-image-4399\" alt=\"\" srcset=\"https:\/\/www.hotel-fontarabie.com\/wp-content\/uploads\/2025\/04\/Copyright_A.Lamoureux_Vendee_Expansion_Fontenay_le_Comte_5-resize-1024x683.jpg 1024w, https:\/\/www.hotel-fontarabie.com\/wp-content\/uploads\/2025\/04\/Copyright_A.Lamoureux_Vendee_Expansion_Fontenay_le_Comte_5-resize-300x200.jpg 300w, https:\/\/www.hotel-fontarabie.com\/wp-content\/uploads\/2025\/04\/Copyright_A.Lamoureux_Vendee_Expansion_Fontenay_le_Comte_5-resize-768x512.jpg 768w, https:\/\/www.hotel-fontarabie.com\/wp-content\/uploads\/2025\/04\/Copyright_A.Lamoureux_Vendee_Expansion_Fontenay_le_Comte_5-resize-18x12.jpg 18w, https:\/\/www.hotel-fontarabie.com\/wp-content\/uploads\/2025\/04\/Copyright_A.Lamoureux_Vendee_Expansion_Fontenay_le_Comte_5-resize.jpg 1382w\" sizes=\"(max-width: 800px) 100vw, 800px\" title=\"\">\t\t\t\t\t\t\t\t\t\t\t\t\t\t\t<\/div>\n\t\t\t\t<\/div>\n\t\t\t\t<\/div>\n\t\t<div class=\"elementor-element elementor-element-65eb2804 e-con-full e-flex e-con e-child\" data-id=\"65eb2804\" data-element_type=\"container\" data-e-type=\"container\">\n\t\t\t\t<div class=\"elementor-element elementor-element-1a75b8ef elementor-widget-tablet__width-inherit elementor-widget elementor-widget-image\" data-id=\"1a75b8ef\" data-element_type=\"widget\" data-e-type=\"widget\" data-widget_type=\"image.default\">\n\t\t\t\t<div class=\"elementor-widget-container\">\n\t\t\t\t\t\t\t\t\t\t\t\t\t\t\t<img decoding=\"async\" width=\"681\" height=\"1024\" src=\"https:\/\/www.hotel-fontarabie.com\/wp-content\/uploads\/2025\/04\/GettyImages-504342078-681x1024.jpg\" class=\"attachment-large size-large wp-image-4392\" alt=\"\" srcset=\"https:\/\/www.hotel-fontarabie.com\/wp-content\/uploads\/2025\/04\/GettyImages-504342078-681x1024.jpg 681w, https:\/\/www.hotel-fontarabie.com\/wp-content\/uploads\/2025\/04\/GettyImages-504342078-199x300.jpg 199w, https:\/\/www.hotel-fontarabie.com\/wp-content\/uploads\/2025\/04\/GettyImages-504342078-768x1155.jpg 768w, https:\/\/www.hotel-fontarabie.com\/wp-content\/uploads\/2025\/04\/GettyImages-504342078-1021x1536.jpg 1021w, https:\/\/www.hotel-fontarabie.com\/wp-content\/uploads\/2025\/04\/GettyImages-504342078-1362x2048.jpg 1362w, https:\/\/www.hotel-fontarabie.com\/wp-content\/uploads\/2025\/04\/GettyImages-504342078-8x12.jpg 8w, https:\/\/www.hotel-fontarabie.com\/wp-content\/uploads\/2025\/04\/GettyImages-504342078-scaled.jpg 1702w\" sizes=\"(max-width: 681px) 100vw, 681px\" title=\"\">\t\t\t\t\t\t\t\t\t\t\t\t\t\t\t<\/div>\n\t\t\t\t<\/div>\n\t\t\t\t<\/div>\n\t\t\t\t<\/div>\n\t\t<div class=\"elementor-element elementor-element-5be878d4 e-flex e-con-boxed e-con e-parent\" data-id=\"5be878d4\" data-element_type=\"container\" data-e-type=\"container\">\n\t\t\t\t\t<div class=\"e-con-inner\">\n\t\t\t\t<div class=\"elementor-element elementor-element-222503aa elementor-widget elementor-widget-heading\" data-id=\"222503aa\" data-element_type=\"widget\" data-e-type=\"widget\" data-widget_type=\"heading.default\">\n\t\t\t\t<div class=\"elementor-widget-container\">\n\t\t\t\t\t<h2 class=\"elementor-heading-title elementor-size-default\">Discover our other destinations<\/h2>\t\t\t\t<\/div>\n\t\t\t\t<\/div>\n\t\t\t\t<div class=\"elementor-element elementor-element-64e172be elementor-widget-divider--view-line_icon elementor-view-default elementor-widget-divider--element-align-center elementor-widget elementor-widget-global elementor-global-364 elementor-widget-divider\" data-id=\"64e172be\" data-element_type=\"widget\" data-e-type=\"widget\" data-widget_type=\"divider.default\">\n\t\t\t\t<div class=\"elementor-widget-container\">\n\t\t\t\t\t\t\t<div class=\"elementor-divider\">\n\t\t\t<span class=\"elementor-divider-separator\">\n\t\t\t\t\t\t\t<div class=\"elementor-icon elementor-divider__element\">\n\t\t\t\t\t<i aria-hidden=\"true\" class=\"fas fa-dot-circle\"><\/i><\/div>\n\t\t\t\t\t\t<\/span>\n\t\t<\/div>\n\t\t\t\t\t\t<\/div>\n\t\t\t\t<\/div>\n\t\t<div class=\"elementor-element elementor-element-736d1686 e-flex e-con-boxed e-con e-child\" data-id=\"736d1686\" data-element_type=\"container\" data-e-type=\"container\">\n\t\t\t\t\t<div class=\"e-con-inner\">\n\t\t<div class=\"elementor-element elementor-element-494258a8 e-flex e-con-boxed e-con e-child\" data-id=\"494258a8\" data-element_type=\"container\" data-e-type=\"container\">\n\t\t\t\t\t<div class=\"e-con-inner\">\n\t\t\t\t<div class=\"elementor-element elementor-element-157bb6b2 animated-slow elementor-invisible elementor-widget elementor-widget-image\" data-id=\"157bb6b2\" data-element_type=\"widget\" data-e-type=\"widget\" data-settings=\"{&quot;_animation&quot;:&quot;fadeIn&quot;,&quot;_animation_delay&quot;:500}\" data-widget_type=\"image.default\">\n\t\t\t\t<div class=\"elementor-widget-container\">\n\t\t\t\t\t\t\t\t\t\t\t\t\t\t\t\t<a href=\"https:\/\/www.hotel-fontarabie.com\/en\/sejour-vendee\/sejour-dans-le-marais-poitevin\/\">\n\t\t\t\t\t\t\t<img decoding=\"async\" width=\"2121\" height=\"1414\" src=\"https:\/\/www.hotel-fontarabie.com\/wp-content\/uploads\/2025\/04\/GettyImages-1333444778.jpg\" class=\"elementor-animation-sink attachment-full size-full wp-image-4378\" alt=\"\" srcset=\"https:\/\/www.hotel-fontarabie.com\/wp-content\/uploads\/2025\/04\/GettyImages-1333444778.jpg 2121w, https:\/\/www.hotel-fontarabie.com\/wp-content\/uploads\/2025\/04\/GettyImages-1333444778-300x200.jpg 300w, https:\/\/www.hotel-fontarabie.com\/wp-content\/uploads\/2025\/04\/GettyImages-1333444778-1024x683.jpg 1024w, https:\/\/www.hotel-fontarabie.com\/wp-content\/uploads\/2025\/04\/GettyImages-1333444778-768x512.jpg 768w, https:\/\/www.hotel-fontarabie.com\/wp-content\/uploads\/2025\/04\/GettyImages-1333444778-1536x1024.jpg 1536w, https:\/\/www.hotel-fontarabie.com\/wp-content\/uploads\/2025\/04\/GettyImages-1333444778-2048x1365.jpg 2048w, https:\/\/www.hotel-fontarabie.com\/wp-content\/uploads\/2025\/04\/GettyImages-1333444778-18x12.jpg 18w\" sizes=\"(max-width: 2121px) 100vw, 2121px\" title=\"\">\t\t\t\t\t\t\t\t<\/a>\n\t\t\t\t\t\t\t\t\t\t\t\t\t\t\t<\/div>\n\t\t\t\t<\/div>\n\t\t<div class=\"elementor-element elementor-element-782157c1 e-flex e-con-boxed e-con e-child\" data-id=\"782157c1\" data-element_type=\"container\" data-e-type=\"container\" data-settings=\"{&quot;background_background&quot;:&quot;classic&quot;}\">\n\t\t\t\t\t<div class=\"e-con-inner\">\n\t\t<div class=\"elementor-element elementor-element-708b773e e-flex e-con-boxed e-con e-child\" data-id=\"708b773e\" data-element_type=\"container\" data-e-type=\"container\" data-settings=\"{&quot;background_background&quot;:&quot;classic&quot;}\">\n\t\t\t\t\t<div class=\"e-con-inner\">\n\t\t\t\t<div class=\"elementor-element elementor-element-1d4f5f92 elementor-widget elementor-widget-heading\" data-id=\"1d4f5f92\" data-element_type=\"widget\" data-e-type=\"widget\" data-widget_type=\"heading.default\">\n\t\t\t\t<div class=\"elementor-widget-container\">\n\t\t\t\t\t<h3 class=\"elementor-heading-title elementor-size-default\">Poitevin Marsh<\/h3>\t\t\t\t<\/div>\n\t\t\t\t<\/div>\n\t\t\t\t<div class=\"elementor-element elementor-element-44f1ac97 elementor-align-center elementor-widget elementor-widget-button\" data-id=\"44f1ac97\" data-element_type=\"widget\" data-e-type=\"widget\" data-widget_type=\"button.default\">\n\t\t\t\t<div class=\"elementor-widget-container\">\n\t\t\t\t\t\t\t\t\t<div class=\"elementor-button-wrapper\">\n\t\t\t\t\t<a class=\"elementor-button elementor-button-link elementor-size-sm\" href=\"https:\/\/www.hotel-fontarabie.com\/en\/sejour-vendee\/sejour-dans-le-marais-poitevin\/\">\n\t\t\t\t\t\t<span class=\"elementor-button-content-wrapper\">\n\t\t\t\t\t\t\t\t\t<span class=\"elementor-button-text\">See more<\/span>\n\t\t\t\t\t<\/span>\n\t\t\t\t\t<\/a>\n\t\t\t\t<\/div>\n\t\t\t\t\t\t\t\t<\/div>\n\t\t\t\t<\/div>\n\t\t\t\t\t<\/div>\n\t\t\t\t<\/div>\n\t\t\t\t\t<\/div>\n\t\t\t\t<\/div>\n\t\t\t\t\t<\/div>\n\t\t\t\t<\/div>\n\t\t<div class=\"elementor-element elementor-element-1eb24f56 e-flex e-con-boxed e-con e-child\" data-id=\"1eb24f56\" data-element_type=\"container\" data-e-type=\"container\">\n\t\t\t\t\t<div class=\"e-con-inner\">\n\t\t\t\t<div class=\"elementor-element elementor-element-675abd2d animated-slow elementor-invisible elementor-widget elementor-widget-image\" data-id=\"675abd2d\" data-element_type=\"widget\" data-e-type=\"widget\" data-settings=\"{&quot;_animation&quot;:&quot;fadeIn&quot;,&quot;_animation_delay&quot;:500}\" data-widget_type=\"image.default\">\n\t\t\t\t<div class=\"elementor-widget-container\">\n\t\t\t\t\t\t\t\t\t\t\t\t\t\t\t\t<a href=\"https:\/\/www.hotel-fontarabie.com\/en\/sejour-vendee\/quoi-visiter-a-la-rochelle\/\">\n\t\t\t\t\t\t\t<img loading=\"lazy\" decoding=\"async\" width=\"1448\" height=\"724\" src=\"https:\/\/www.hotel-fontarabie.com\/wp-content\/uploads\/2025\/03\/iStock-1156461621-2-min.jpg\" class=\"elementor-animation-sink attachment-full size-full wp-image-3776\" alt=\"\" srcset=\"https:\/\/www.hotel-fontarabie.com\/wp-content\/uploads\/2025\/03\/iStock-1156461621-2-min.jpg 1448w, https:\/\/www.hotel-fontarabie.com\/wp-content\/uploads\/2025\/03\/iStock-1156461621-2-min-300x150.jpg 300w, https:\/\/www.hotel-fontarabie.com\/wp-content\/uploads\/2025\/03\/iStock-1156461621-2-min-1024x512.jpg 1024w, https:\/\/www.hotel-fontarabie.com\/wp-content\/uploads\/2025\/03\/iStock-1156461621-2-min-768x384.jpg 768w, https:\/\/www.hotel-fontarabie.com\/wp-content\/uploads\/2025\/03\/iStock-1156461621-2-min-18x9.jpg 18w\" sizes=\"(max-width: 1448px) 100vw, 1448px\" title=\"\">\t\t\t\t\t\t\t\t<\/a>\n\t\t\t\t\t\t\t\t\t\t\t\t\t\t\t<\/div>\n\t\t\t\t<\/div>\n\t\t<div class=\"elementor-element elementor-element-54f72940 e-flex e-con-boxed e-con e-child\" data-id=\"54f72940\" data-element_type=\"container\" data-e-type=\"container\" data-settings=\"{&quot;background_background&quot;:&quot;classic&quot;}\">\n\t\t\t\t\t<div class=\"e-con-inner\">\n\t\t<div class=\"elementor-element elementor-element-333354d e-flex e-con-boxed e-con e-child\" data-id=\"333354d\" data-element_type=\"container\" data-e-type=\"container\" data-settings=\"{&quot;background_background&quot;:&quot;classic&quot;}\">\n\t\t\t\t\t<div class=\"e-con-inner\">\n\t\t\t\t<div class=\"elementor-element elementor-element-398e40d elementor-widget elementor-widget-heading\" data-id=\"398e40d\" data-element_type=\"widget\" data-e-type=\"widget\" data-widget_type=\"heading.default\">\n\t\t\t\t<div class=\"elementor-widget-container\">\n\t\t\t\t\t<h3 class=\"elementor-heading-title elementor-size-default\">Niort and La Rochelle<\/h3>\t\t\t\t<\/div>\n\t\t\t\t<\/div>\n\t\t\t\t<div class=\"elementor-element elementor-element-1cedb533 elementor-align-center elementor-widget elementor-widget-button\" data-id=\"1cedb533\" data-element_type=\"widget\" data-e-type=\"widget\" data-widget_type=\"button.default\">\n\t\t\t\t<div class=\"elementor-widget-container\">\n\t\t\t\t\t\t\t\t\t<div class=\"elementor-button-wrapper\">\n\t\t\t\t\t<a class=\"elementor-button elementor-button-link elementor-size-sm\" href=\"https:\/\/www.hotel-fontarabie.com\/en\/sejour-vendee\/quoi-visiter-a-la-rochelle\/\">\n\t\t\t\t\t\t<span class=\"elementor-button-content-wrapper\">\n\t\t\t\t\t\t\t\t\t<span class=\"elementor-button-text\">See more<\/span>\n\t\t\t\t\t<\/span>\n\t\t\t\t\t<\/a>\n\t\t\t\t<\/div>\n\t\t\t\t\t\t\t\t<\/div>\n\t\t\t\t<\/div>\n\t\t\t\t\t<\/div>\n\t\t\t\t<\/div>\n\t\t\t\t\t<\/div>\n\t\t\t\t<\/div>\n\t\t\t\t\t<\/div>\n\t\t\t\t<\/div>\n\t\t<div class=\"elementor-element elementor-element-6e89e86 e-flex e-con-boxed e-con e-child\" data-id=\"6e89e86\" data-element_type=\"container\" data-e-type=\"container\">\n\t\t\t\t\t<div class=\"e-con-inner\">\n\t\t\t\t<div class=\"elementor-element elementor-element-3594b02e animated-slow elementor-invisible elementor-widget elementor-widget-image\" data-id=\"3594b02e\" data-element_type=\"widget\" data-e-type=\"widget\" data-settings=\"{&quot;_animation&quot;:&quot;fadeIn&quot;,&quot;_animation_delay&quot;:500}\" data-widget_type=\"image.default\">\n\t\t\t\t<div class=\"elementor-widget-container\">\n\t\t\t\t\t\t\t\t\t\t\t\t\t\t\t\t<a href=\"https:\/\/www.hotel-fontarabie.com\/en\/sejour-vendee\/reservation-futuroscope-et-hotel\/\">\n\t\t\t\t\t\t\t<img loading=\"lazy\" decoding=\"async\" width=\"2560\" height=\"1707\" src=\"https:\/\/www.hotel-fontarabie.com\/wp-content\/uploads\/2025\/03\/futuroscope-HTFile.ashx_-scaled-1.jpeg\" class=\"elementor-animation-sink attachment-full size-full wp-image-4056\" alt=\"\" srcset=\"https:\/\/www.hotel-fontarabie.com\/wp-content\/uploads\/2025\/03\/futuroscope-HTFile.ashx_-scaled-1.jpeg 2560w, https:\/\/www.hotel-fontarabie.com\/wp-content\/uploads\/2025\/03\/futuroscope-HTFile.ashx_-scaled-1-300x200.jpeg 300w, https:\/\/www.hotel-fontarabie.com\/wp-content\/uploads\/2025\/03\/futuroscope-HTFile.ashx_-scaled-1-1024x683.jpeg 1024w, https:\/\/www.hotel-fontarabie.com\/wp-content\/uploads\/2025\/03\/futuroscope-HTFile.ashx_-scaled-1-768x512.jpeg 768w, https:\/\/www.hotel-fontarabie.com\/wp-content\/uploads\/2025\/03\/futuroscope-HTFile.ashx_-scaled-1-1536x1024.jpeg 1536w, https:\/\/www.hotel-fontarabie.com\/wp-content\/uploads\/2025\/03\/futuroscope-HTFile.ashx_-scaled-1-2048x1366.jpeg 2048w, https:\/\/www.hotel-fontarabie.com\/wp-content\/uploads\/2025\/03\/futuroscope-HTFile.ashx_-scaled-1-18x12.jpeg 18w\" sizes=\"(max-width: 2560px) 100vw, 2560px\" title=\"\">\t\t\t\t\t\t\t\t<\/a>\n\t\t\t\t\t\t\t\t\t\t\t\t\t\t\t<\/div>\n\t\t\t\t<\/div>\n\t\t<div class=\"elementor-element elementor-element-6a1db972 e-flex e-con-boxed e-con e-child\" data-id=\"6a1db972\" data-element_type=\"container\" data-e-type=\"container\" data-settings=\"{&quot;background_background&quot;:&quot;classic&quot;}\">\n\t\t\t\t\t<div class=\"e-con-inner\">\n\t\t<div class=\"elementor-element elementor-element-d3c625a e-flex e-con-boxed e-con e-child\" data-id=\"d3c625a\" data-element_type=\"container\" data-e-type=\"container\" data-settings=\"{&quot;background_background&quot;:&quot;classic&quot;}\">\n\t\t\t\t\t<div class=\"e-con-inner\">\n\t\t\t\t<div class=\"elementor-element elementor-element-6e36d4e9 elementor-widget elementor-widget-heading\" data-id=\"6e36d4e9\" data-element_type=\"widget\" data-e-type=\"widget\" data-widget_type=\"heading.default\">\n\t\t\t\t<div class=\"elementor-widget-container\">\n\t\t\t\t\t<h3 class=\"elementor-heading-title elementor-size-default\">Futuroscope<\/h3>\t\t\t\t<\/div>\n\t\t\t\t<\/div>\n\t\t\t\t<div class=\"elementor-element elementor-element-13ca8a62 elementor-align-center elementor-widget elementor-widget-button\" data-id=\"13ca8a62\" data-element_type=\"widget\" data-e-type=\"widget\" data-widget_type=\"button.default\">\n\t\t\t\t<div class=\"elementor-widget-container\">\n\t\t\t\t\t\t\t\t\t<div class=\"elementor-button-wrapper\">\n\t\t\t\t\t<a class=\"elementor-button elementor-button-link elementor-size-sm\" href=\"https:\/\/www.hotel-fontarabie.com\/en\/sejour-vendee\/reservation-futuroscope-et-hotel\/\">\n\t\t\t\t\t\t<span class=\"elementor-button-content-wrapper\">\n\t\t\t\t\t\t\t\t\t<span class=\"elementor-button-text\">See more<\/span>\n\t\t\t\t\t<\/span>\n\t\t\t\t\t<\/a>\n\t\t\t\t<\/div>\n\t\t\t\t\t\t\t\t<\/div>\n\t\t\t\t<\/div>\n\t\t\t\t\t<\/div>\n\t\t\t\t<\/div>\n\t\t\t\t\t<\/div>\n\t\t\t\t<\/div>\n\t\t\t\t\t<\/div>\n\t\t\t\t<\/div>\n\t\t\t\t\t<\/div>\n\t\t\t\t<\/div>\n\t\t\t\t\t<\/div>\n\t\t\t\t<\/div>\n\t\t\t\t<\/div>","protected":false},"excerpt":{"rendered":"<p>Fontenay-le-Comte Tourisme \u00e0 Fontenay-le-Comte La belle de la Renaissance Ses fa\u00e7ades remarquables de la Renaissance lui ont amen\u00e9 les prestigieux labels \u00ab Ville d\u2019Art et d\u2019Histoire \u00bb et \u00ab Plus Beaux D\u00e9tours de France \u00bb. Fontenay le Comte est surnomm\u00e9e la Perle architecturale de la Vend\u00e9e. Baladez-vous dans ses ruelles m\u00e9di\u00e9vales et plongez dans ses [&hellip;]<\/p>\n","protected":false},"author":8,"featured_media":0,"parent":65,"menu_order":0,"comment_status":"closed","ping_status":"closed","template":"","meta":{"_acf_changed":false,"inline_featured_image":false,"footnotes":""},"class_list":["post-4114","page","type-page","status-publish","hentry"],"acf":[],"_links":{"self":[{"href":"https:\/\/www.hotel-fontarabie.com\/en\/wp-json\/wp\/v2\/pages\/4114","targetHints":{"allow":["GET"]}}],"collection":[{"href":"https:\/\/www.hotel-fontarabie.com\/en\/wp-json\/wp\/v2\/pages"}],"about":[{"href":"https:\/\/www.hotel-fontarabie.com\/en\/wp-json\/wp\/v2\/types\/page"}],"author":[{"embeddable":true,"href":"https:\/\/www.hotel-fontarabie.com\/en\/wp-json\/wp\/v2\/users\/8"}],"replies":[{"embeddable":true,"href":"https:\/\/www.hotel-fontarabie.com\/en\/wp-json\/wp\/v2\/comments?post=4114"}],"version-history":[{"count":22,"href":"https:\/\/www.hotel-fontarabie.com\/en\/wp-json\/wp\/v2\/pages\/4114\/revisions"}],"predecessor-version":[{"id":4663,"href":"https:\/\/www.hotel-fontarabie.com\/en\/wp-json\/wp\/v2\/pages\/4114\/revisions\/4663"}],"up":[{"embeddable":true,"href":"https:\/\/www.hotel-fontarabie.com\/en\/wp-json\/wp\/v2\/pages\/65"}],"wp:attachment":[{"href":"https:\/\/www.hotel-fontarabie.com\/en\/wp-json\/wp\/v2\/media?parent=4114"}],"curies":[{"name":"wp","href":"https:\/\/api.w.org\/{rel}","templated":true}]}}