{"id":4121,"date":"2025-03-21T11:47:33","date_gmt":"2025-03-21T10:47:33","guid":{"rendered":"https:\/\/www.hotel-fontarabie.com\/?page_id=4121"},"modified":"2025-05-15T10:48:03","modified_gmt":"2025-05-15T08:48:03","slug":"what-to-visit-in-la-rochelle","status":"publish","type":"page","link":"https:\/\/www.hotel-fontarabie.com\/en\/sejour-vendee\/quoi-visiter-a-la-rochelle\/","title":{"rendered":"Niort and La Rochelle"},"content":{"rendered":"<div data-elementor-type=\"wp-page\" data-elementor-id=\"4121\" class=\"elementor elementor-4121\" data-elementor-post-type=\"page\">\n\t\t\t\t<div class=\"elementor-element elementor-element-5152dd76 e-con-full e-flex e-con e-parent\" data-id=\"5152dd76\" data-element_type=\"container\" data-e-type=\"container\" id=\"top\" data-settings=\"{&quot;background_background&quot;:&quot;classic&quot;}\">\n\t\t\t\t<div class=\"elementor-element elementor-element-337d6633 elementor-widget elementor-widget-heading\" data-id=\"337d6633\" data-element_type=\"widget\" data-e-type=\"widget\" data-widget_type=\"heading.default\">\n\t\t\t\t<div class=\"elementor-widget-container\">\n\t\t\t\t\t<span class=\"elementor-heading-title elementor-size-default\">Niort and La Rochelle<\/span>\t\t\t\t<\/div>\n\t\t\t\t<\/div>\n\t\t\t\t<div class=\"elementor-element elementor-element-3fcae56 elementor-widget elementor-widget-heading\" data-id=\"3fcae56\" data-element_type=\"widget\" data-e-type=\"widget\" data-widget_type=\"heading.default\">\n\t\t\t\t<div class=\"elementor-widget-container\">\n\t\t\t\t\t<h1 class=\"elementor-heading-title elementor-size-default\">What to visit in La Rochelle<\/h1>\t\t\t\t<\/div>\n\t\t\t\t<\/div>\n\t\t\t\t<\/div>\n\t\t<div class=\"elementor-element elementor-element-1a17b6c0 e-con-full e-flex e-con e-parent\" data-id=\"1a17b6c0\" data-element_type=\"container\" data-e-type=\"container\" id=\"first-content\">\n\t\t<div class=\"elementor-element elementor-element-7aec88e9 e-con-full e-flex e-con e-child\" data-id=\"7aec88e9\" data-element_type=\"container\" data-e-type=\"container\">\n\t\t\t\t<div class=\"elementor-element elementor-element-17d7a66f elementor-widget elementor-widget-heading\" data-id=\"17d7a66f\" data-element_type=\"widget\" data-e-type=\"widget\" data-widget_type=\"heading.default\">\n\t\t\t\t<div class=\"elementor-widget-container\">\n\t\t\t\t\t<h2 class=\"elementor-heading-title elementor-size-default\">The guardians of the Vend\u00e9e<\/h2>\t\t\t\t<\/div>\n\t\t\t\t<\/div>\n\t\t\t\t<div class=\"elementor-element elementor-element-f65d0eb elementor-widget elementor-widget-text-editor\" data-id=\"f65d0eb\" data-element_type=\"widget\" data-e-type=\"widget\" data-widget_type=\"text-editor.default\">\n\t\t\t\t<div class=\"elementor-widget-container\">\n\t\t\t\t\t\t\t\t\tDiscover Niort, the sentinel of the Marais Poitevin, 30 minutes from the hotel, or the thousand-year-old city of La Rochelle, with its rich historic and urban heritage, on the seafront less than an hour away by car.\t\t\t\t\t\t\t\t<\/div>\n\t\t\t\t<\/div>\n\t\t\t\t<div class=\"elementor-element elementor-element-a6f9b48 elementor-widget-tablet__width-inherit elementor-widget elementor-widget-image\" data-id=\"a6f9b48\" data-element_type=\"widget\" data-e-type=\"widget\" data-widget_type=\"image.default\">\n\t\t\t\t<div class=\"elementor-widget-container\">\n\t\t\t\t\t\t\t\t\t\t\t\t\t\t\t<img fetchpriority=\"high\" decoding=\"async\" width=\"800\" height=\"532\" src=\"https:\/\/www.hotel-fontarabie.com\/wp-content\/uploads\/2025\/04\/niort-89503274-scaled-1-1024x681.jpg\" class=\"attachment-large size-large wp-image-4408\" alt=\"\" srcset=\"https:\/\/www.hotel-fontarabie.com\/wp-content\/uploads\/2025\/04\/niort-89503274-scaled-1-1024x681.jpg 1024w, https:\/\/www.hotel-fontarabie.com\/wp-content\/uploads\/2025\/04\/niort-89503274-scaled-1-300x199.jpg 300w, https:\/\/www.hotel-fontarabie.com\/wp-content\/uploads\/2025\/04\/niort-89503274-scaled-1-768x511.jpg 768w, https:\/\/www.hotel-fontarabie.com\/wp-content\/uploads\/2025\/04\/niort-89503274-scaled-1-1536x1021.jpg 1536w, https:\/\/www.hotel-fontarabie.com\/wp-content\/uploads\/2025\/04\/niort-89503274-scaled-1-2048x1362.jpg 2048w, https:\/\/www.hotel-fontarabie.com\/wp-content\/uploads\/2025\/04\/niort-89503274-scaled-1-18x12.jpg 18w\" sizes=\"(max-width: 800px) 100vw, 800px\" title=\"\">\t\t\t\t\t\t\t\t\t\t\t\t\t\t\t<\/div>\n\t\t\t\t<\/div>\n\t\t\t\t<\/div>\n\t\t<div class=\"elementor-element elementor-element-65eb2804 e-con-full e-flex e-con e-child\" data-id=\"65eb2804\" data-element_type=\"container\" data-e-type=\"container\">\n\t\t\t\t<div class=\"elementor-element elementor-element-1a75b8ef elementor-widget-tablet__width-inherit elementor-widget elementor-widget-image\" data-id=\"1a75b8ef\" data-element_type=\"widget\" data-e-type=\"widget\" data-widget_type=\"image.default\">\n\t\t\t\t<div class=\"elementor-widget-container\">\n\t\t\t\t\t\t\t\t\t\t\t\t\t\t\t<img decoding=\"async\" width=\"800\" height=\"534\" src=\"https:\/\/www.hotel-fontarabie.com\/wp-content\/uploads\/2025\/04\/GettyImages-1468942795-1024x683.jpg\" class=\"attachment-large size-large wp-image-4410\" alt=\"\" srcset=\"https:\/\/www.hotel-fontarabie.com\/wp-content\/uploads\/2025\/04\/GettyImages-1468942795-1024x683.jpg 1024w, https:\/\/www.hotel-fontarabie.com\/wp-content\/uploads\/2025\/04\/GettyImages-1468942795-300x200.jpg 300w, https:\/\/www.hotel-fontarabie.com\/wp-content\/uploads\/2025\/04\/GettyImages-1468942795-768x512.jpg 768w, https:\/\/www.hotel-fontarabie.com\/wp-content\/uploads\/2025\/04\/GettyImages-1468942795-1536x1024.jpg 1536w, https:\/\/www.hotel-fontarabie.com\/wp-content\/uploads\/2025\/04\/GettyImages-1468942795-2048x1365.jpg 2048w, https:\/\/www.hotel-fontarabie.com\/wp-content\/uploads\/2025\/04\/GettyImages-1468942795-18x12.jpg 18w\" sizes=\"(max-width: 800px) 100vw, 800px\" title=\"\">\t\t\t\t\t\t\t\t\t\t\t\t\t\t\t<\/div>\n\t\t\t\t<\/div>\n\t\t\t\t<\/div>\n\t\t\t\t<\/div>\n\t\t<div class=\"elementor-element elementor-element-5be878d4 e-flex e-con-boxed e-con e-parent\" data-id=\"5be878d4\" data-element_type=\"container\" data-e-type=\"container\">\n\t\t\t\t\t<div class=\"e-con-inner\">\n\t\t\t\t<div class=\"elementor-element elementor-element-222503aa elementor-widget elementor-widget-heading\" data-id=\"222503aa\" data-element_type=\"widget\" data-e-type=\"widget\" data-widget_type=\"heading.default\">\n\t\t\t\t<div class=\"elementor-widget-container\">\n\t\t\t\t\t<h2 class=\"elementor-heading-title elementor-size-default\">Discover our other destinations<\/h2>\t\t\t\t<\/div>\n\t\t\t\t<\/div>\n\t\t\t\t<div class=\"elementor-element elementor-element-64e172be elementor-widget-divider--view-line_icon elementor-view-default elementor-widget-divider--element-align-center elementor-widget elementor-widget-global elementor-global-364 elementor-widget-divider\" data-id=\"64e172be\" data-element_type=\"widget\" data-e-type=\"widget\" data-widget_type=\"divider.default\">\n\t\t\t\t<div class=\"elementor-widget-container\">\n\t\t\t\t\t\t\t<div class=\"elementor-divider\">\n\t\t\t<span class=\"elementor-divider-separator\">\n\t\t\t\t\t\t\t<div class=\"elementor-icon elementor-divider__element\">\n\t\t\t\t\t<i aria-hidden=\"true\" class=\"fas fa-dot-circle\"><\/i><\/div>\n\t\t\t\t\t\t<\/span>\n\t\t<\/div>\n\t\t\t\t\t\t<\/div>\n\t\t\t\t<\/div>\n\t\t<div class=\"elementor-element elementor-element-736d1686 e-flex e-con-boxed e-con e-child\" data-id=\"736d1686\" data-element_type=\"container\" data-e-type=\"container\">\n\t\t\t\t\t<div class=\"e-con-inner\">\n\t\t<div class=\"elementor-element elementor-element-494258a8 e-flex e-con-boxed e-con e-child\" data-id=\"494258a8\" data-element_type=\"container\" data-e-type=\"container\">\n\t\t\t\t\t<div class=\"e-con-inner\">\n\t\t\t\t<div class=\"elementor-element elementor-element-157bb6b2 animated-slow elementor-invisible elementor-widget elementor-widget-image\" data-id=\"157bb6b2\" data-element_type=\"widget\" data-e-type=\"widget\" data-settings=\"{&quot;_animation&quot;:&quot;fadeIn&quot;,&quot;_animation_delay&quot;:500}\" data-widget_type=\"image.default\">\n\t\t\t\t<div class=\"elementor-widget-container\">\n\t\t\t\t\t\t\t\t\t\t\t\t\t\t\t\t<a href=\"https:\/\/www.hotel-fontarabie.com\/en\/sejour-vendee\/tourisme-fontenay-le-comte\/\">\n\t\t\t\t\t\t\t<img decoding=\"async\" width=\"1254\" height=\"836\" src=\"https:\/\/www.hotel-fontarabie.com\/wp-content\/uploads\/2025\/04\/iStock-1199168632.jpg\" class=\"elementor-animation-sink attachment-full size-full wp-image-4395\" alt=\"\" srcset=\"https:\/\/www.hotel-fontarabie.com\/wp-content\/uploads\/2025\/04\/iStock-1199168632.jpg 1254w, https:\/\/www.hotel-fontarabie.com\/wp-content\/uploads\/2025\/04\/iStock-1199168632-300x200.jpg 300w, https:\/\/www.hotel-fontarabie.com\/wp-content\/uploads\/2025\/04\/iStock-1199168632-1024x683.jpg 1024w, https:\/\/www.hotel-fontarabie.com\/wp-content\/uploads\/2025\/04\/iStock-1199168632-768x512.jpg 768w, https:\/\/www.hotel-fontarabie.com\/wp-content\/uploads\/2025\/04\/iStock-1199168632-18x12.jpg 18w\" sizes=\"(max-width: 1254px) 100vw, 1254px\" title=\"\">\t\t\t\t\t\t\t\t<\/a>\n\t\t\t\t\t\t\t\t\t\t\t\t\t\t\t<\/div>\n\t\t\t\t<\/div>\n\t\t<div class=\"elementor-element elementor-element-782157c1 e-flex e-con-boxed e-con e-child\" data-id=\"782157c1\" data-element_type=\"container\" data-e-type=\"container\" data-settings=\"{&quot;background_background&quot;:&quot;classic&quot;}\">\n\t\t\t\t\t<div class=\"e-con-inner\">\n\t\t<div class=\"elementor-element elementor-element-708b773e e-flex e-con-boxed e-con e-child\" data-id=\"708b773e\" data-element_type=\"container\" data-e-type=\"container\" data-settings=\"{&quot;background_background&quot;:&quot;classic&quot;}\">\n\t\t\t\t\t<div class=\"e-con-inner\">\n\t\t\t\t<div class=\"elementor-element elementor-element-1d4f5f92 elementor-widget elementor-widget-heading\" data-id=\"1d4f5f92\" data-element_type=\"widget\" data-e-type=\"widget\" data-widget_type=\"heading.default\">\n\t\t\t\t<div class=\"elementor-widget-container\">\n\t\t\t\t\t<h3 class=\"elementor-heading-title elementor-size-default\">Fontenay-le-Comte<\/h3>\t\t\t\t<\/div>\n\t\t\t\t<\/div>\n\t\t\t\t<div class=\"elementor-element elementor-element-44f1ac97 elementor-align-center elementor-widget elementor-widget-button\" data-id=\"44f1ac97\" data-element_type=\"widget\" data-e-type=\"widget\" data-widget_type=\"button.default\">\n\t\t\t\t<div class=\"elementor-widget-container\">\n\t\t\t\t\t\t\t\t\t<div class=\"elementor-button-wrapper\">\n\t\t\t\t\t<a class=\"elementor-button elementor-button-link elementor-size-sm\" href=\"https:\/\/www.hotel-fontarabie.com\/en\/sejour-vendee\/tourisme-fontenay-le-comte\/\">\n\t\t\t\t\t\t<span class=\"elementor-button-content-wrapper\">\n\t\t\t\t\t\t\t\t\t<span class=\"elementor-button-text\">See more<\/span>\n\t\t\t\t\t<\/span>\n\t\t\t\t\t<\/a>\n\t\t\t\t<\/div>\n\t\t\t\t\t\t\t\t<\/div>\n\t\t\t\t<\/div>\n\t\t\t\t\t<\/div>\n\t\t\t\t<\/div>\n\t\t\t\t\t<\/div>\n\t\t\t\t<\/div>\n\t\t\t\t\t<\/div>\n\t\t\t\t<\/div>\n\t\t<div class=\"elementor-element elementor-element-1eb24f56 e-flex e-con-boxed e-con e-child\" data-id=\"1eb24f56\" data-element_type=\"container\" data-e-type=\"container\">\n\t\t\t\t\t<div class=\"e-con-inner\">\n\t\t\t\t<div class=\"elementor-element elementor-element-675abd2d animated-slow elementor-invisible elementor-widget elementor-widget-image\" data-id=\"675abd2d\" data-element_type=\"widget\" data-e-type=\"widget\" data-settings=\"{&quot;_animation&quot;:&quot;fadeIn&quot;,&quot;_animation_delay&quot;:500}\" data-widget_type=\"image.default\">\n\t\t\t\t<div class=\"elementor-widget-container\">\n\t\t\t\t\t\t\t\t\t\t\t\t\t\t\t\t<a href=\"https:\/\/www.hotel-fontarabie.com\/en\/sejour-vendee\/histoire-du-puy-du-fou\/\">\n\t\t\t\t\t\t\t<img loading=\"lazy\" decoding=\"async\" width=\"2560\" height=\"1707\" src=\"https:\/\/www.hotel-fontarabie.com\/wp-content\/uploads\/2025\/03\/Copyright_Puy_du_Fou_Vendee_Expansion_Bal-des-oiseaux-fantomes-1-scaled-1.jpg\" class=\"elementor-animation-sink attachment-full size-full wp-image-3751\" alt=\"\" srcset=\"https:\/\/www.hotel-fontarabie.com\/wp-content\/uploads\/2025\/03\/Copyright_Puy_du_Fou_Vendee_Expansion_Bal-des-oiseaux-fantomes-1-scaled-1.jpg 2560w, https:\/\/www.hotel-fontarabie.com\/wp-content\/uploads\/2025\/03\/Copyright_Puy_du_Fou_Vendee_Expansion_Bal-des-oiseaux-fantomes-1-scaled-1-300x200.jpg 300w, https:\/\/www.hotel-fontarabie.com\/wp-content\/uploads\/2025\/03\/Copyright_Puy_du_Fou_Vendee_Expansion_Bal-des-oiseaux-fantomes-1-scaled-1-1024x683.jpg 1024w, https:\/\/www.hotel-fontarabie.com\/wp-content\/uploads\/2025\/03\/Copyright_Puy_du_Fou_Vendee_Expansion_Bal-des-oiseaux-fantomes-1-scaled-1-768x512.jpg 768w, https:\/\/www.hotel-fontarabie.com\/wp-content\/uploads\/2025\/03\/Copyright_Puy_du_Fou_Vendee_Expansion_Bal-des-oiseaux-fantomes-1-scaled-1-1536x1024.jpg 1536w, https:\/\/www.hotel-fontarabie.com\/wp-content\/uploads\/2025\/03\/Copyright_Puy_du_Fou_Vendee_Expansion_Bal-des-oiseaux-fantomes-1-scaled-1-2048x1366.jpg 2048w, https:\/\/www.hotel-fontarabie.com\/wp-content\/uploads\/2025\/03\/Copyright_Puy_du_Fou_Vendee_Expansion_Bal-des-oiseaux-fantomes-1-scaled-1-18x12.jpg 18w\" sizes=\"(max-width: 2560px) 100vw, 2560px\" title=\"\">\t\t\t\t\t\t\t\t<\/a>\n\t\t\t\t\t\t\t\t\t\t\t\t\t\t\t<\/div>\n\t\t\t\t<\/div>\n\t\t<div class=\"elementor-element elementor-element-54f72940 e-flex e-con-boxed e-con e-child\" data-id=\"54f72940\" data-element_type=\"container\" data-e-type=\"container\" data-settings=\"{&quot;background_background&quot;:&quot;classic&quot;}\">\n\t\t\t\t\t<div class=\"e-con-inner\">\n\t\t<div class=\"elementor-element elementor-element-333354d e-flex e-con-boxed e-con e-child\" data-id=\"333354d\" data-element_type=\"container\" data-e-type=\"container\" data-settings=\"{&quot;background_background&quot;:&quot;classic&quot;}\">\n\t\t\t\t\t<div class=\"e-con-inner\">\n\t\t\t\t<div class=\"elementor-element elementor-element-398e40d elementor-widget elementor-widget-heading\" data-id=\"398e40d\" data-element_type=\"widget\" data-e-type=\"widget\" data-widget_type=\"heading.default\">\n\t\t\t\t<div class=\"elementor-widget-container\">\n\t\t\t\t\t<h3 class=\"elementor-heading-title elementor-size-default\">Puy du Fou<\/h3>\t\t\t\t<\/div>\n\t\t\t\t<\/div>\n\t\t\t\t<div class=\"elementor-element elementor-element-1cedb533 elementor-align-center elementor-widget elementor-widget-button\" data-id=\"1cedb533\" data-element_type=\"widget\" data-e-type=\"widget\" data-widget_type=\"button.default\">\n\t\t\t\t<div class=\"elementor-widget-container\">\n\t\t\t\t\t\t\t\t\t<div class=\"elementor-button-wrapper\">\n\t\t\t\t\t<a class=\"elementor-button elementor-button-link elementor-size-sm\" href=\"https:\/\/www.hotel-fontarabie.com\/en\/sejour-vendee\/histoire-du-puy-du-fou\/\">\n\t\t\t\t\t\t<span class=\"elementor-button-content-wrapper\">\n\t\t\t\t\t\t\t\t\t<span class=\"elementor-button-text\">See more<\/span>\n\t\t\t\t\t<\/span>\n\t\t\t\t\t<\/a>\n\t\t\t\t<\/div>\n\t\t\t\t\t\t\t\t<\/div>\n\t\t\t\t<\/div>\n\t\t\t\t\t<\/div>\n\t\t\t\t<\/div>\n\t\t\t\t\t<\/div>\n\t\t\t\t<\/div>\n\t\t\t\t\t<\/div>\n\t\t\t\t<\/div>\n\t\t<div class=\"elementor-element elementor-element-6e89e86 e-flex e-con-boxed e-con e-child\" data-id=\"6e89e86\" data-element_type=\"container\" data-e-type=\"container\">\n\t\t\t\t\t<div class=\"e-con-inner\">\n\t\t\t\t<div class=\"elementor-element elementor-element-3594b02e animated-slow elementor-invisible elementor-widget elementor-widget-image\" data-id=\"3594b02e\" data-element_type=\"widget\" data-e-type=\"widget\" data-settings=\"{&quot;_animation&quot;:&quot;fadeIn&quot;,&quot;_animation_delay&quot;:500}\" data-widget_type=\"image.default\">\n\t\t\t\t<div class=\"elementor-widget-container\">\n\t\t\t\t\t\t\t\t\t\t\t\t\t\t\t\t<a href=\"https:\/\/www.hotel-fontarabie.com\/en\/sejour-vendee\/promenades-marais-poitevin\/\">\n\t\t\t\t\t\t\t<img loading=\"lazy\" decoding=\"async\" width=\"2560\" height=\"1707\" src=\"https:\/\/www.hotel-fontarabie.com\/wp-content\/uploads\/2025\/03\/GettyImages-2180896775-scaled.jpg\" class=\"elementor-animation-sink attachment-full size-full wp-image-3996\" alt=\"\" srcset=\"https:\/\/www.hotel-fontarabie.com\/wp-content\/uploads\/2025\/03\/GettyImages-2180896775-scaled.jpg 2560w, https:\/\/www.hotel-fontarabie.com\/wp-content\/uploads\/2025\/03\/GettyImages-2180896775-300x200.jpg 300w, https:\/\/www.hotel-fontarabie.com\/wp-content\/uploads\/2025\/03\/GettyImages-2180896775-1024x683.jpg 1024w, https:\/\/www.hotel-fontarabie.com\/wp-content\/uploads\/2025\/03\/GettyImages-2180896775-768x512.jpg 768w, https:\/\/www.hotel-fontarabie.com\/wp-content\/uploads\/2025\/03\/GettyImages-2180896775-1536x1024.jpg 1536w, https:\/\/www.hotel-fontarabie.com\/wp-content\/uploads\/2025\/03\/GettyImages-2180896775-2048x1365.jpg 2048w, https:\/\/www.hotel-fontarabie.com\/wp-content\/uploads\/2025\/03\/GettyImages-2180896775-18x12.jpg 18w\" sizes=\"(max-width: 2560px) 100vw, 2560px\" title=\"\">\t\t\t\t\t\t\t\t<\/a>\n\t\t\t\t\t\t\t\t\t\t\t\t\t\t\t<\/div>\n\t\t\t\t<\/div>\n\t\t<div class=\"elementor-element elementor-element-6a1db972 e-flex e-con-boxed e-con e-child\" data-id=\"6a1db972\" data-element_type=\"container\" data-e-type=\"container\" data-settings=\"{&quot;background_background&quot;:&quot;classic&quot;}\">\n\t\t\t\t\t<div class=\"e-con-inner\">\n\t\t<div class=\"elementor-element elementor-element-d3c625a e-flex e-con-boxed e-con e-child\" data-id=\"d3c625a\" data-element_type=\"container\" data-e-type=\"container\" data-settings=\"{&quot;background_background&quot;:&quot;classic&quot;}\">\n\t\t\t\t\t<div class=\"e-con-inner\">\n\t\t\t\t<div class=\"elementor-element elementor-element-6e36d4e9 elementor-widget elementor-widget-heading\" data-id=\"6e36d4e9\" data-element_type=\"widget\" data-e-type=\"widget\" data-widget_type=\"heading.default\">\n\t\t\t\t<div class=\"elementor-widget-container\">\n\t\t\t\t\t<h3 class=\"elementor-heading-title elementor-size-default\">Walking and cycling routes<\/h3>\t\t\t\t<\/div>\n\t\t\t\t<\/div>\n\t\t\t\t<div class=\"elementor-element elementor-element-13ca8a62 elementor-align-center elementor-widget elementor-widget-button\" data-id=\"13ca8a62\" data-element_type=\"widget\" data-e-type=\"widget\" data-widget_type=\"button.default\">\n\t\t\t\t<div class=\"elementor-widget-container\">\n\t\t\t\t\t\t\t\t\t<div class=\"elementor-button-wrapper\">\n\t\t\t\t\t<a class=\"elementor-button elementor-button-link elementor-size-sm\" href=\"https:\/\/www.hotel-fontarabie.com\/en\/sejour-vendee\/promenades-marais-poitevin\/\">\n\t\t\t\t\t\t<span class=\"elementor-button-content-wrapper\">\n\t\t\t\t\t\t\t\t\t<span class=\"elementor-button-text\">See more<\/span>\n\t\t\t\t\t<\/span>\n\t\t\t\t\t<\/a>\n\t\t\t\t<\/div>\n\t\t\t\t\t\t\t\t<\/div>\n\t\t\t\t<\/div>\n\t\t\t\t\t<\/div>\n\t\t\t\t<\/div>\n\t\t\t\t\t<\/div>\n\t\t\t\t<\/div>\n\t\t\t\t\t<\/div>\n\t\t\t\t<\/div>\n\t\t\t\t\t<\/div>\n\t\t\t\t<\/div>\n\t\t\t\t\t<\/div>\n\t\t\t\t<\/div>\n\t\t\t\t<\/div>","protected":false},"excerpt":{"rendered":"<p>Quoi visiter \u00e0 la Rochelle Les gardiennes de la Vend\u00e9e D\u00e9couvrez Niort, la sentinelle du Marais Poitevin, \u00e0 30 minutes de l\u2019h\u00f4tel ou encore la cit\u00e9 mill\u00e9naire de La Rochelle dot\u00e9e d\u2019un riche patrimoine historique et urbain, en bord de mer \u00e0 moins d\u2019une heure en voiture. D\u00e9couvrez nos autres destinations Fontenay-le-Comte Voir plus Puy [&hellip;]<\/p>\n","protected":false},"author":8,"featured_media":0,"parent":65,"menu_order":0,"comment_status":"closed","ping_status":"closed","template":"","meta":{"_acf_changed":false,"inline_featured_image":false,"footnotes":""},"class_list":["post-4121","page","type-page","status-publish","hentry"],"acf":[],"_links":{"self":[{"href":"https:\/\/www.hotel-fontarabie.com\/en\/wp-json\/wp\/v2\/pages\/4121","targetHints":{"allow":["GET"]}}],"collection":[{"href":"https:\/\/www.hotel-fontarabie.com\/en\/wp-json\/wp\/v2\/pages"}],"about":[{"href":"https:\/\/www.hotel-fontarabie.com\/en\/wp-json\/wp\/v2\/types\/page"}],"author":[{"embeddable":true,"href":"https:\/\/www.hotel-fontarabie.com\/en\/wp-json\/wp\/v2\/users\/8"}],"replies":[{"embeddable":true,"href":"https:\/\/www.hotel-fontarabie.com\/en\/wp-json\/wp\/v2\/comments?post=4121"}],"version-history":[{"count":22,"href":"https:\/\/www.hotel-fontarabie.com\/en\/wp-json\/wp\/v2\/pages\/4121\/revisions"}],"predecessor-version":[{"id":4679,"href":"https:\/\/www.hotel-fontarabie.com\/en\/wp-json\/wp\/v2\/pages\/4121\/revisions\/4679"}],"up":[{"embeddable":true,"href":"https:\/\/www.hotel-fontarabie.com\/en\/wp-json\/wp\/v2\/pages\/65"}],"wp:attachment":[{"href":"https:\/\/www.hotel-fontarabie.com\/en\/wp-json\/wp\/v2\/media?parent=4121"}],"curies":[{"name":"wp","href":"https:\/\/api.w.org\/{rel}","templated":true}]}}