{"id":4131,"date":"2025-03-21T11:47:16","date_gmt":"2025-03-21T10:47:16","guid":{"rendered":"https:\/\/www.hotel-fontarabie.com\/?page_id=4131"},"modified":"2025-05-15T11:05:55","modified_gmt":"2025-05-15T09:05:55","slug":"mervent-forest-activity","status":"publish","type":"page","link":"https:\/\/www.hotel-fontarabie.com\/en\/sejour-vendee\/foret-de-mervent-activite\/","title":{"rendered":"Mervent Forest"},"content":{"rendered":"<div data-elementor-type=\"wp-page\" data-elementor-id=\"4131\" class=\"elementor elementor-4131\" data-elementor-post-type=\"page\">\n\t\t\t\t<div class=\"elementor-element elementor-element-5152dd76 e-con-full e-flex e-con e-parent\" data-id=\"5152dd76\" data-element_type=\"container\" data-e-type=\"container\" id=\"top\" data-settings=\"{&quot;background_background&quot;:&quot;classic&quot;}\">\n\t\t\t\t<div class=\"elementor-element elementor-element-337d6633 elementor-widget elementor-widget-heading\" data-id=\"337d6633\" data-element_type=\"widget\" data-e-type=\"widget\" data-widget_type=\"heading.default\">\n\t\t\t\t<div class=\"elementor-widget-container\">\n\t\t\t\t\t<span class=\"elementor-heading-title elementor-size-default\">Mervent Forest<\/span>\t\t\t\t<\/div>\n\t\t\t\t<\/div>\n\t\t\t\t<div class=\"elementor-element elementor-element-3fcae56 elementor-widget elementor-widget-heading\" data-id=\"3fcae56\" data-element_type=\"widget\" data-e-type=\"widget\" data-widget_type=\"heading.default\">\n\t\t\t\t<div class=\"elementor-widget-container\">\n\t\t\t\t\t<h1 class=\"elementor-heading-title elementor-size-default\">The Mervent forest and its activities<\/h1>\t\t\t\t<\/div>\n\t\t\t\t<\/div>\n\t\t\t\t<\/div>\n\t\t<div class=\"elementor-element elementor-element-1a17b6c0 e-con-full e-flex e-con e-parent\" data-id=\"1a17b6c0\" data-element_type=\"container\" data-e-type=\"container\" id=\"first-content\">\n\t\t<div class=\"elementor-element elementor-element-7aec88e9 e-con-full e-flex e-con e-child\" data-id=\"7aec88e9\" data-element_type=\"container\" data-e-type=\"container\">\n\t\t\t\t<div class=\"elementor-element elementor-element-17d7a66f elementor-widget elementor-widget-heading\" data-id=\"17d7a66f\" data-element_type=\"widget\" data-e-type=\"widget\" data-widget_type=\"heading.default\">\n\t\t\t\t<div class=\"elementor-widget-container\">\n\t\t\t\t\t<h2 class=\"elementor-heading-title elementor-size-default\">Natur'Zoo: discover the region on foot or by bike!\n<\/h2>\t\t\t\t<\/div>\n\t\t\t\t<\/div>\n\t\t\t\t<div class=\"elementor-element elementor-element-f65d0eb elementor-widget elementor-widget-text-editor\" data-id=\"f65d0eb\" data-element_type=\"widget\" data-e-type=\"widget\" data-widget_type=\"text-editor.default\">\n\t\t\t\t<div class=\"elementor-widget-container\">\n\t\t\t\t\t\t\t\t\t<p>Explore Natur'Zoo de Mervent, a zoo located in the Mervent forest in the Vend\u00e9e! The forest is classified Natura 2000, and the zoo is home to around 450 animals of 53 species.<\/p>\t\t\t\t\t\t\t\t<\/div>\n\t\t\t\t<\/div>\n\t\t\t\t<div class=\"elementor-element elementor-element-a6f9b48 elementor-widget-tablet__width-inherit elementor-widget elementor-widget-image\" data-id=\"a6f9b48\" data-element_type=\"widget\" data-e-type=\"widget\" data-widget_type=\"image.default\">\n\t\t\t\t<div class=\"elementor-widget-container\">\n\t\t\t\t\t\t\t\t\t\t\t\t\t\t\t<img fetchpriority=\"high\" decoding=\"async\" width=\"800\" height=\"534\" src=\"https:\/\/www.hotel-fontarabie.com\/wp-content\/uploads\/2025\/03\/iStock-1132788611-1024x683.jpg\" class=\"attachment-large size-large wp-image-3775\" alt=\"\" srcset=\"https:\/\/www.hotel-fontarabie.com\/wp-content\/uploads\/2025\/03\/iStock-1132788611-1024x683.jpg 1024w, https:\/\/www.hotel-fontarabie.com\/wp-content\/uploads\/2025\/03\/iStock-1132788611-300x200.jpg 300w, https:\/\/www.hotel-fontarabie.com\/wp-content\/uploads\/2025\/03\/iStock-1132788611-768x512.jpg 768w, https:\/\/www.hotel-fontarabie.com\/wp-content\/uploads\/2025\/03\/iStock-1132788611-1536x1024.jpg 1536w, https:\/\/www.hotel-fontarabie.com\/wp-content\/uploads\/2025\/03\/iStock-1132788611-2048x1365.jpg 2048w, https:\/\/www.hotel-fontarabie.com\/wp-content\/uploads\/2025\/03\/iStock-1132788611-18x12.jpg 18w\" sizes=\"(max-width: 800px) 100vw, 800px\" title=\"\">\t\t\t\t\t\t\t\t\t\t\t\t\t\t\t<\/div>\n\t\t\t\t<\/div>\n\t\t\t\t<\/div>\n\t\t<div class=\"elementor-element elementor-element-65eb2804 e-con-full e-flex e-con e-child\" data-id=\"65eb2804\" data-element_type=\"container\" data-e-type=\"container\">\n\t\t\t\t<div class=\"elementor-element elementor-element-1a75b8ef elementor-widget-tablet__width-inherit elementor-widget elementor-widget-image\" data-id=\"1a75b8ef\" data-element_type=\"widget\" data-e-type=\"widget\" data-widget_type=\"image.default\">\n\t\t\t\t<div class=\"elementor-widget-container\">\n\t\t\t\t\t\t\t\t\t\t\t\t\t\t\t<img decoding=\"async\" width=\"800\" height=\"534\" src=\"https:\/\/www.hotel-fontarabie.com\/wp-content\/uploads\/2025\/04\/iStock-933863084-1024x683.jpg\" class=\"attachment-large size-large wp-image-4447\" alt=\"\" srcset=\"https:\/\/www.hotel-fontarabie.com\/wp-content\/uploads\/2025\/04\/iStock-933863084-1024x683.jpg 1024w, https:\/\/www.hotel-fontarabie.com\/wp-content\/uploads\/2025\/04\/iStock-933863084-300x200.jpg 300w, https:\/\/www.hotel-fontarabie.com\/wp-content\/uploads\/2025\/04\/iStock-933863084-768x512.jpg 768w, https:\/\/www.hotel-fontarabie.com\/wp-content\/uploads\/2025\/04\/iStock-933863084-1536x1024.jpg 1536w, https:\/\/www.hotel-fontarabie.com\/wp-content\/uploads\/2025\/04\/iStock-933863084-2048x1365.jpg 2048w, https:\/\/www.hotel-fontarabie.com\/wp-content\/uploads\/2025\/04\/iStock-933863084-18x12.jpg 18w\" sizes=\"(max-width: 800px) 100vw, 800px\" title=\"\">\t\t\t\t\t\t\t\t\t\t\t\t\t\t\t<\/div>\n\t\t\t\t<\/div>\n\t\t\t\t<div class=\"elementor-element elementor-element-0f06303 elementor-widget elementor-widget-heading\" data-id=\"0f06303\" data-element_type=\"widget\" data-e-type=\"widget\" data-widget_type=\"heading.default\">\n\t\t\t\t<div class=\"elementor-widget-container\">\n\t\t\t\t\t<h2 class=\"elementor-heading-title elementor-size-default\">Base de Loisirs: the Vend\u00e9e sportive<\/h2>\t\t\t\t<\/div>\n\t\t\t\t<\/div>\n\t\t\t\t<div class=\"elementor-element elementor-element-aa6097c elementor-widget elementor-widget-text-editor\" data-id=\"aa6097c\" data-element_type=\"widget\" data-e-type=\"widget\" data-widget_type=\"text-editor.default\">\n\t\t\t\t<div class=\"elementor-widget-container\">\n\t\t\t\t\t\t\t\t\t<p>Located in the Pays de Fontenay-Vend\u00e9e region, the Mervent leisure centre offers a range of activities including mountain biking, archery, sailing, canoeing, kayaking and electric boating!<\/p>\t\t\t\t\t\t\t\t<\/div>\n\t\t\t\t<\/div>\n\t\t\t\t<\/div>\n\t\t\t\t<\/div>\n\t\t<div class=\"elementor-element elementor-element-85cd211 e-con-full e-flex e-con e-parent\" data-id=\"85cd211\" data-element_type=\"container\" data-e-type=\"container\">\n\t\t<div class=\"elementor-element elementor-element-501510e e-con-full e-flex e-con e-child\" data-id=\"501510e\" data-element_type=\"container\" data-e-type=\"container\">\n\t\t\t\t<div class=\"elementor-element elementor-element-b97a6ad elementor-widget elementor-widget-heading\" data-id=\"b97a6ad\" data-element_type=\"widget\" data-e-type=\"widget\" data-widget_type=\"heading.default\">\n\t\t\t\t<div class=\"elementor-widget-container\">\n\t\t\t\t\t<h2 class=\"elementor-heading-title elementor-size-default\">Pierre-Brune Park: back to basics<\/h2>\t\t\t\t<\/div>\n\t\t\t\t<\/div>\n\t\t\t\t<div class=\"elementor-element elementor-element-4fd3b74 elementor-widget elementor-widget-text-editor\" data-id=\"4fd3b74\" data-element_type=\"widget\" data-e-type=\"widget\" data-widget_type=\"text-editor.default\">\n\t\t\t\t<div class=\"elementor-widget-container\">\n\t\t\t\t\t\t\t\t\t<p>In the heart of the Mervent forest, come and recharge your batteries and enjoy unlimited outdoor activities with family and friends. The Pierre-Brune leisure park is located near Fontenay-le-Comte.<\/p>\t\t\t\t\t\t\t\t<\/div>\n\t\t\t\t<\/div>\n\t\t\t\t<div class=\"elementor-element elementor-element-6e28fb7 elementor-widget-tablet__width-inherit elementor-widget elementor-widget-image\" data-id=\"6e28fb7\" data-element_type=\"widget\" data-e-type=\"widget\" data-widget_type=\"image.default\">\n\t\t\t\t<div class=\"elementor-widget-container\">\n\t\t\t\t\t\t\t\t\t\t\t\t\t\t\t<img decoding=\"async\" width=\"800\" height=\"534\" src=\"https:\/\/www.hotel-fontarabie.com\/wp-content\/uploads\/2025\/03\/iStock-1046422550-1024x683.jpg\" class=\"attachment-large size-large wp-image-3772\" alt=\"\" srcset=\"https:\/\/www.hotel-fontarabie.com\/wp-content\/uploads\/2025\/03\/iStock-1046422550-1024x683.jpg 1024w, https:\/\/www.hotel-fontarabie.com\/wp-content\/uploads\/2025\/03\/iStock-1046422550-300x200.jpg 300w, https:\/\/www.hotel-fontarabie.com\/wp-content\/uploads\/2025\/03\/iStock-1046422550-768x512.jpg 768w, https:\/\/www.hotel-fontarabie.com\/wp-content\/uploads\/2025\/03\/iStock-1046422550-1536x1025.jpg 1536w, https:\/\/www.hotel-fontarabie.com\/wp-content\/uploads\/2025\/03\/iStock-1046422550-2048x1367.jpg 2048w, https:\/\/www.hotel-fontarabie.com\/wp-content\/uploads\/2025\/03\/iStock-1046422550-18x12.jpg 18w\" sizes=\"(max-width: 800px) 100vw, 800px\" title=\"\">\t\t\t\t\t\t\t\t\t\t\t\t\t\t\t<\/div>\n\t\t\t\t<\/div>\n\t\t\t\t<\/div>\n\t\t<div class=\"elementor-element elementor-element-dfc7cde e-con-full e-flex e-con e-child\" data-id=\"dfc7cde\" data-element_type=\"container\" data-e-type=\"container\">\n\t\t\t\t<div class=\"elementor-element elementor-element-a31a9e2 elementor-widget-tablet__width-inherit elementor-widget elementor-widget-image\" data-id=\"a31a9e2\" data-element_type=\"widget\" data-e-type=\"widget\" data-widget_type=\"image.default\">\n\t\t\t\t<div class=\"elementor-widget-container\">\n\t\t\t\t\t\t\t\t\t\t\t\t\t\t\t<img loading=\"lazy\" decoding=\"async\" width=\"800\" height=\"534\" src=\"https:\/\/www.hotel-fontarabie.com\/wp-content\/uploads\/2025\/04\/iStock-625202706-1024x683.jpg\" class=\"attachment-large size-large wp-image-4448\" alt=\"\" srcset=\"https:\/\/www.hotel-fontarabie.com\/wp-content\/uploads\/2025\/04\/iStock-625202706-1024x683.jpg 1024w, https:\/\/www.hotel-fontarabie.com\/wp-content\/uploads\/2025\/04\/iStock-625202706-300x200.jpg 300w, https:\/\/www.hotel-fontarabie.com\/wp-content\/uploads\/2025\/04\/iStock-625202706-768x512.jpg 768w, https:\/\/www.hotel-fontarabie.com\/wp-content\/uploads\/2025\/04\/iStock-625202706-1536x1025.jpg 1536w, https:\/\/www.hotel-fontarabie.com\/wp-content\/uploads\/2025\/04\/iStock-625202706-2048x1367.jpg 2048w, https:\/\/www.hotel-fontarabie.com\/wp-content\/uploads\/2025\/04\/iStock-625202706-18x12.jpg 18w\" sizes=\"(max-width: 800px) 100vw, 800px\" title=\"\">\t\t\t\t\t\t\t\t\t\t\t\t\t\t\t<\/div>\n\t\t\t\t<\/div>\n\t\t\t\t<div class=\"elementor-element elementor-element-90032cc elementor-widget elementor-widget-heading\" data-id=\"90032cc\" data-element_type=\"widget\" data-e-type=\"widget\" data-widget_type=\"heading.default\">\n\t\t\t\t<div class=\"elementor-widget-container\">\n\t\t\t\t\t<h2 class=\"elementor-heading-title elementor-size-default\">Walking and mountain bike trails: explore the towns of Vend\u00e9e<\/h2>\t\t\t\t<\/div>\n\t\t\t\t<\/div>\n\t\t\t\t<div class=\"elementor-element elementor-element-42b9713 elementor-widget elementor-widget-text-editor\" data-id=\"42b9713\" data-element_type=\"widget\" data-e-type=\"widget\" data-widget_type=\"text-editor.default\">\n\t\t\t\t<div class=\"elementor-widget-container\">\n\t\t\t\t\t\t\t\t\t<p>Fontenay-le-Comte is easy to visit both on foot and by bike. Follow its banks and enjoy the magnificent scenery along the river.<\/p>\t\t\t\t\t\t\t\t<\/div>\n\t\t\t\t<\/div>\n\t\t\t\t<\/div>\n\t\t\t\t<\/div>\n\t\t<div class=\"elementor-element elementor-element-5be878d4 e-flex e-con-boxed e-con e-parent\" data-id=\"5be878d4\" data-element_type=\"container\" data-e-type=\"container\">\n\t\t\t\t\t<div class=\"e-con-inner\">\n\t\t\t\t<div class=\"elementor-element elementor-element-222503aa elementor-widget elementor-widget-heading\" data-id=\"222503aa\" data-element_type=\"widget\" data-e-type=\"widget\" data-widget_type=\"heading.default\">\n\t\t\t\t<div class=\"elementor-widget-container\">\n\t\t\t\t\t<h2 class=\"elementor-heading-title elementor-size-default\">Discover our other destinations<\/h2>\t\t\t\t<\/div>\n\t\t\t\t<\/div>\n\t\t\t\t<div class=\"elementor-element elementor-element-64e172be elementor-widget-divider--view-line_icon elementor-view-default elementor-widget-divider--element-align-center elementor-widget elementor-widget-global elementor-global-364 elementor-widget-divider\" data-id=\"64e172be\" data-element_type=\"widget\" data-e-type=\"widget\" data-widget_type=\"divider.default\">\n\t\t\t\t<div class=\"elementor-widget-container\">\n\t\t\t\t\t\t\t<div class=\"elementor-divider\">\n\t\t\t<span class=\"elementor-divider-separator\">\n\t\t\t\t\t\t\t<div class=\"elementor-icon elementor-divider__element\">\n\t\t\t\t\t<i aria-hidden=\"true\" class=\"fas fa-dot-circle\"><\/i><\/div>\n\t\t\t\t\t\t<\/span>\n\t\t<\/div>\n\t\t\t\t\t\t<\/div>\n\t\t\t\t<\/div>\n\t\t<div class=\"elementor-element elementor-element-736d1686 e-flex e-con-boxed e-con e-child\" data-id=\"736d1686\" data-element_type=\"container\" data-e-type=\"container\">\n\t\t\t\t\t<div class=\"e-con-inner\">\n\t\t<div class=\"elementor-element elementor-element-494258a8 e-flex e-con-boxed e-con e-child\" data-id=\"494258a8\" data-element_type=\"container\" data-e-type=\"container\">\n\t\t\t\t\t<div class=\"e-con-inner\">\n\t\t\t\t<div class=\"elementor-element elementor-element-157bb6b2 animated-slow elementor-invisible elementor-widget elementor-widget-image\" data-id=\"157bb6b2\" data-element_type=\"widget\" data-e-type=\"widget\" data-settings=\"{&quot;_animation&quot;:&quot;fadeIn&quot;,&quot;_animation_delay&quot;:500}\" data-widget_type=\"image.default\">\n\t\t\t\t<div class=\"elementor-widget-container\">\n\t\t\t\t\t\t\t\t\t\t\t\t\t\t\t\t<a href=\"https:\/\/www.hotel-fontarabie.com\/en\/sejour-vendee\/vacances-marais-poitevin\/\">\n\t\t\t\t\t\t\t<img loading=\"lazy\" decoding=\"async\" width=\"2560\" height=\"1443\" src=\"https:\/\/www.hotel-fontarabie.com\/wp-content\/uploads\/2025\/04\/GettyImages-1499968748-scaled.jpg\" class=\"elementor-animation-sink attachment-full size-full wp-image-4386\" alt=\"\" srcset=\"https:\/\/www.hotel-fontarabie.com\/wp-content\/uploads\/2025\/04\/GettyImages-1499968748-scaled.jpg 2560w, https:\/\/www.hotel-fontarabie.com\/wp-content\/uploads\/2025\/04\/GettyImages-1499968748-300x169.jpg 300w, https:\/\/www.hotel-fontarabie.com\/wp-content\/uploads\/2025\/04\/GettyImages-1499968748-1024x577.jpg 1024w, https:\/\/www.hotel-fontarabie.com\/wp-content\/uploads\/2025\/04\/GettyImages-1499968748-768x433.jpg 768w, https:\/\/www.hotel-fontarabie.com\/wp-content\/uploads\/2025\/04\/GettyImages-1499968748-1536x866.jpg 1536w, https:\/\/www.hotel-fontarabie.com\/wp-content\/uploads\/2025\/04\/GettyImages-1499968748-2048x1154.jpg 2048w, https:\/\/www.hotel-fontarabie.com\/wp-content\/uploads\/2025\/04\/GettyImages-1499968748-18x10.jpg 18w\" sizes=\"(max-width: 2560px) 100vw, 2560px\" title=\"\">\t\t\t\t\t\t\t\t<\/a>\n\t\t\t\t\t\t\t\t\t\t\t\t\t\t\t<\/div>\n\t\t\t\t<\/div>\n\t\t<div class=\"elementor-element elementor-element-782157c1 e-flex e-con-boxed e-con e-child\" data-id=\"782157c1\" data-element_type=\"container\" data-e-type=\"container\" data-settings=\"{&quot;background_background&quot;:&quot;classic&quot;}\">\n\t\t\t\t\t<div class=\"e-con-inner\">\n\t\t<div class=\"elementor-element elementor-element-708b773e e-flex e-con-boxed e-con e-child\" data-id=\"708b773e\" data-element_type=\"container\" data-e-type=\"container\" data-settings=\"{&quot;background_background&quot;:&quot;classic&quot;}\">\n\t\t\t\t\t<div class=\"e-con-inner\">\n\t\t\t\t<div class=\"elementor-element elementor-element-1d4f5f92 elementor-widget elementor-widget-heading\" data-id=\"1d4f5f92\" data-element_type=\"widget\" data-e-type=\"widget\" data-widget_type=\"heading.default\">\n\t\t\t\t<div class=\"elementor-widget-container\">\n\t\t\t\t\t<h3 class=\"elementor-heading-title elementor-size-default\">Suggestions in the Marais<\/h3>\t\t\t\t<\/div>\n\t\t\t\t<\/div>\n\t\t\t\t<div class=\"elementor-element elementor-element-44f1ac97 elementor-align-center elementor-widget elementor-widget-button\" data-id=\"44f1ac97\" data-element_type=\"widget\" data-e-type=\"widget\" data-widget_type=\"button.default\">\n\t\t\t\t<div class=\"elementor-widget-container\">\n\t\t\t\t\t\t\t\t\t<div class=\"elementor-button-wrapper\">\n\t\t\t\t\t<a class=\"elementor-button elementor-button-link elementor-size-sm\" href=\"https:\/\/www.hotel-fontarabie.com\/en\/sejour-vendee\/vacances-marais-poitevin\/\">\n\t\t\t\t\t\t<span class=\"elementor-button-content-wrapper\">\n\t\t\t\t\t\t\t\t\t<span class=\"elementor-button-text\">See more<\/span>\n\t\t\t\t\t<\/span>\n\t\t\t\t\t<\/a>\n\t\t\t\t<\/div>\n\t\t\t\t\t\t\t\t<\/div>\n\t\t\t\t<\/div>\n\t\t\t\t\t<\/div>\n\t\t\t\t<\/div>\n\t\t\t\t\t<\/div>\n\t\t\t\t<\/div>\n\t\t\t\t\t<\/div>\n\t\t\t\t<\/div>\n\t\t<div class=\"elementor-element elementor-element-1eb24f56 e-flex e-con-boxed e-con e-child\" data-id=\"1eb24f56\" data-element_type=\"container\" data-e-type=\"container\">\n\t\t\t\t\t<div class=\"e-con-inner\">\n\t\t\t\t<div class=\"elementor-element elementor-element-675abd2d animated-slow elementor-invisible elementor-widget elementor-widget-image\" data-id=\"675abd2d\" data-element_type=\"widget\" data-e-type=\"widget\" data-settings=\"{&quot;_animation&quot;:&quot;fadeIn&quot;,&quot;_animation_delay&quot;:500}\" data-widget_type=\"image.default\">\n\t\t\t\t<div class=\"elementor-widget-container\">\n\t\t\t\t\t\t\t\t\t\t\t\t\t\t\t\t<a href=\"https:\/\/www.hotel-fontarabie.com\/en\/sejour-vendee\/promenades-marais-poitevin\/\">\n\t\t\t\t\t\t\t<img loading=\"lazy\" decoding=\"async\" width=\"2560\" height=\"1658\" src=\"https:\/\/www.hotel-fontarabie.com\/wp-content\/uploads\/2025\/04\/GettyImages-1333445813-scaled.jpg\" class=\"elementor-animation-sink attachment-full size-full wp-image-4380\" alt=\"\" srcset=\"https:\/\/www.hotel-fontarabie.com\/wp-content\/uploads\/2025\/04\/GettyImages-1333445813-scaled.jpg 2560w, https:\/\/www.hotel-fontarabie.com\/wp-content\/uploads\/2025\/04\/GettyImages-1333445813-300x194.jpg 300w, https:\/\/www.hotel-fontarabie.com\/wp-content\/uploads\/2025\/04\/GettyImages-1333445813-1024x663.jpg 1024w, https:\/\/www.hotel-fontarabie.com\/wp-content\/uploads\/2025\/04\/GettyImages-1333445813-768x498.jpg 768w, https:\/\/www.hotel-fontarabie.com\/wp-content\/uploads\/2025\/04\/GettyImages-1333445813-1536x995.jpg 1536w, https:\/\/www.hotel-fontarabie.com\/wp-content\/uploads\/2025\/04\/GettyImages-1333445813-2048x1327.jpg 2048w, https:\/\/www.hotel-fontarabie.com\/wp-content\/uploads\/2025\/04\/GettyImages-1333445813-18x12.jpg 18w\" sizes=\"(max-width: 2560px) 100vw, 2560px\" title=\"\">\t\t\t\t\t\t\t\t<\/a>\n\t\t\t\t\t\t\t\t\t\t\t\t\t\t\t<\/div>\n\t\t\t\t<\/div>\n\t\t<div class=\"elementor-element elementor-element-54f72940 e-flex e-con-boxed e-con e-child\" data-id=\"54f72940\" data-element_type=\"container\" data-e-type=\"container\" data-settings=\"{&quot;background_background&quot;:&quot;classic&quot;}\">\n\t\t\t\t\t<div class=\"e-con-inner\">\n\t\t<div class=\"elementor-element elementor-element-333354d e-flex e-con-boxed e-con e-child\" data-id=\"333354d\" data-element_type=\"container\" data-e-type=\"container\" data-settings=\"{&quot;background_background&quot;:&quot;classic&quot;}\">\n\t\t\t\t\t<div class=\"e-con-inner\">\n\t\t\t\t<div class=\"elementor-element elementor-element-398e40d elementor-widget elementor-widget-heading\" data-id=\"398e40d\" data-element_type=\"widget\" data-e-type=\"widget\" data-widget_type=\"heading.default\">\n\t\t\t\t<div class=\"elementor-widget-container\">\n\t\t\t\t\t<h3 class=\"elementor-heading-title elementor-size-default\">Walking and cycling routes<\/h3>\t\t\t\t<\/div>\n\t\t\t\t<\/div>\n\t\t\t\t<div class=\"elementor-element elementor-element-1cedb533 elementor-align-center elementor-widget elementor-widget-button\" data-id=\"1cedb533\" data-element_type=\"widget\" data-e-type=\"widget\" data-widget_type=\"button.default\">\n\t\t\t\t<div class=\"elementor-widget-container\">\n\t\t\t\t\t\t\t\t\t<div class=\"elementor-button-wrapper\">\n\t\t\t\t\t<a class=\"elementor-button elementor-button-link elementor-size-sm\" href=\"https:\/\/www.hotel-fontarabie.com\/en\/sejour-vendee\/promenades-marais-poitevin\/\">\n\t\t\t\t\t\t<span class=\"elementor-button-content-wrapper\">\n\t\t\t\t\t\t\t\t\t<span class=\"elementor-button-text\">See more<\/span>\n\t\t\t\t\t<\/span>\n\t\t\t\t\t<\/a>\n\t\t\t\t<\/div>\n\t\t\t\t\t\t\t\t<\/div>\n\t\t\t\t<\/div>\n\t\t\t\t\t<\/div>\n\t\t\t\t<\/div>\n\t\t\t\t\t<\/div>\n\t\t\t\t<\/div>\n\t\t\t\t\t<\/div>\n\t\t\t\t<\/div>\n\t\t<div class=\"elementor-element elementor-element-6e89e86 e-flex e-con-boxed e-con e-child\" data-id=\"6e89e86\" data-element_type=\"container\" data-e-type=\"container\">\n\t\t\t\t\t<div class=\"e-con-inner\">\n\t\t\t\t<div class=\"elementor-element elementor-element-3594b02e animated-slow elementor-invisible elementor-widget elementor-widget-image\" data-id=\"3594b02e\" data-element_type=\"widget\" data-e-type=\"widget\" data-settings=\"{&quot;_animation&quot;:&quot;fadeIn&quot;,&quot;_animation_delay&quot;:500}\" data-widget_type=\"image.default\">\n\t\t\t\t<div class=\"elementor-widget-container\">\n\t\t\t\t\t\t\t\t\t\t\t\t\t\t\t\t<a href=\"https:\/\/www.hotel-fontarabie.com\/en\/sejour-vendee\/reservation-futuroscope-et-hotel\/\">\n\t\t\t\t\t\t\t<img loading=\"lazy\" decoding=\"async\" width=\"2560\" height=\"1707\" src=\"https:\/\/www.hotel-fontarabie.com\/wp-content\/uploads\/2025\/03\/futuroscope-HTFile.ashx_-scaled-1.jpeg\" class=\"elementor-animation-sink attachment-full size-full wp-image-4056\" alt=\"\" srcset=\"https:\/\/www.hotel-fontarabie.com\/wp-content\/uploads\/2025\/03\/futuroscope-HTFile.ashx_-scaled-1.jpeg 2560w, https:\/\/www.hotel-fontarabie.com\/wp-content\/uploads\/2025\/03\/futuroscope-HTFile.ashx_-scaled-1-300x200.jpeg 300w, https:\/\/www.hotel-fontarabie.com\/wp-content\/uploads\/2025\/03\/futuroscope-HTFile.ashx_-scaled-1-1024x683.jpeg 1024w, https:\/\/www.hotel-fontarabie.com\/wp-content\/uploads\/2025\/03\/futuroscope-HTFile.ashx_-scaled-1-768x512.jpeg 768w, https:\/\/www.hotel-fontarabie.com\/wp-content\/uploads\/2025\/03\/futuroscope-HTFile.ashx_-scaled-1-1536x1024.jpeg 1536w, https:\/\/www.hotel-fontarabie.com\/wp-content\/uploads\/2025\/03\/futuroscope-HTFile.ashx_-scaled-1-2048x1366.jpeg 2048w, https:\/\/www.hotel-fontarabie.com\/wp-content\/uploads\/2025\/03\/futuroscope-HTFile.ashx_-scaled-1-18x12.jpeg 18w\" sizes=\"(max-width: 2560px) 100vw, 2560px\" title=\"\">\t\t\t\t\t\t\t\t<\/a>\n\t\t\t\t\t\t\t\t\t\t\t\t\t\t\t<\/div>\n\t\t\t\t<\/div>\n\t\t<div class=\"elementor-element elementor-element-6a1db972 e-flex e-con-boxed e-con e-child\" data-id=\"6a1db972\" data-element_type=\"container\" data-e-type=\"container\" data-settings=\"{&quot;background_background&quot;:&quot;classic&quot;}\">\n\t\t\t\t\t<div class=\"e-con-inner\">\n\t\t<div class=\"elementor-element elementor-element-d3c625a e-flex e-con-boxed e-con e-child\" data-id=\"d3c625a\" data-element_type=\"container\" data-e-type=\"container\" data-settings=\"{&quot;background_background&quot;:&quot;classic&quot;}\">\n\t\t\t\t\t<div class=\"e-con-inner\">\n\t\t\t\t<div class=\"elementor-element elementor-element-6e36d4e9 elementor-widget elementor-widget-heading\" data-id=\"6e36d4e9\" data-element_type=\"widget\" data-e-type=\"widget\" data-widget_type=\"heading.default\">\n\t\t\t\t<div class=\"elementor-widget-container\">\n\t\t\t\t\t<h3 class=\"elementor-heading-title elementor-size-default\">Futuroscope<\/h3>\t\t\t\t<\/div>\n\t\t\t\t<\/div>\n\t\t\t\t<div class=\"elementor-element elementor-element-13ca8a62 elementor-align-center elementor-widget elementor-widget-button\" data-id=\"13ca8a62\" data-element_type=\"widget\" data-e-type=\"widget\" data-widget_type=\"button.default\">\n\t\t\t\t<div class=\"elementor-widget-container\">\n\t\t\t\t\t\t\t\t\t<div class=\"elementor-button-wrapper\">\n\t\t\t\t\t<a class=\"elementor-button elementor-button-link elementor-size-sm\" href=\"https:\/\/www.hotel-fontarabie.com\/en\/sejour-vendee\/reservation-futuroscope-et-hotel\/\">\n\t\t\t\t\t\t<span class=\"elementor-button-content-wrapper\">\n\t\t\t\t\t\t\t\t\t<span class=\"elementor-button-text\">See more<\/span>\n\t\t\t\t\t<\/span>\n\t\t\t\t\t<\/a>\n\t\t\t\t<\/div>\n\t\t\t\t\t\t\t\t<\/div>\n\t\t\t\t<\/div>\n\t\t\t\t\t<\/div>\n\t\t\t\t<\/div>\n\t\t\t\t\t<\/div>\n\t\t\t\t<\/div>\n\t\t\t\t\t<\/div>\n\t\t\t\t<\/div>\n\t\t\t\t\t<\/div>\n\t\t\t\t<\/div>\n\t\t\t\t\t<\/div>\n\t\t\t\t<\/div>\n\t\t\t\t<\/div>","protected":false},"excerpt":{"rendered":"<p>La for\u00eat de Mervent et ses activit\u00e9s Natur&rsquo;Zoo : d\u00e9couvrez la r\u00e9gion \u00e0 pied ou en v\u00e9lo ! Explorez le Natur&rsquo;Zoo de Mervent, ce parc zoologique situ\u00e9 dans le massif forestier de Mervent en Vend\u00e9e ! Sa for\u00eat est class\u00e9e Natura 2000 et il accueille environ 450 animaux de 53 esp\u00e8ces Base de Loisirs : [&hellip;]<\/p>\n","protected":false},"author":8,"featured_media":0,"parent":65,"menu_order":0,"comment_status":"closed","ping_status":"closed","template":"","meta":{"_acf_changed":false,"inline_featured_image":false,"footnotes":""},"class_list":["post-4131","page","type-page","status-publish","hentry"],"acf":[],"_links":{"self":[{"href":"https:\/\/www.hotel-fontarabie.com\/en\/wp-json\/wp\/v2\/pages\/4131","targetHints":{"allow":["GET"]}}],"collection":[{"href":"https:\/\/www.hotel-fontarabie.com\/en\/wp-json\/wp\/v2\/pages"}],"about":[{"href":"https:\/\/www.hotel-fontarabie.com\/en\/wp-json\/wp\/v2\/types\/page"}],"author":[{"embeddable":true,"href":"https:\/\/www.hotel-fontarabie.com\/en\/wp-json\/wp\/v2\/users\/8"}],"replies":[{"embeddable":true,"href":"https:\/\/www.hotel-fontarabie.com\/en\/wp-json\/wp\/v2\/comments?post=4131"}],"version-history":[{"count":25,"href":"https:\/\/www.hotel-fontarabie.com\/en\/wp-json\/wp\/v2\/pages\/4131\/revisions"}],"predecessor-version":[{"id":4694,"href":"https:\/\/www.hotel-fontarabie.com\/en\/wp-json\/wp\/v2\/pages\/4131\/revisions\/4694"}],"up":[{"embeddable":true,"href":"https:\/\/www.hotel-fontarabie.com\/en\/wp-json\/wp\/v2\/pages\/65"}],"wp:attachment":[{"href":"https:\/\/www.hotel-fontarabie.com\/en\/wp-json\/wp\/v2\/media?parent=4131"}],"curies":[{"name":"wp","href":"https:\/\/api.w.org\/{rel}","templated":true}]}}